{"id":2184,"date":"2024-10-03T19:43:31","date_gmt":"2024-10-03T17:43:31","guid":{"rendered":"https:\/\/vlnbonbon.fr\/?post_type=product&#038;p=2184"},"modified":"2024-10-03T19:49:09","modified_gmt":"2024-10-03T17:49:09","slug":"space-mix","status":"publish","type":"product","link":"https:\/\/vlnbonbon.fr\/index.php\/produit\/space-mix\/","title":{"rendered":"Space mix"},"content":{"rendered":"<p>Ingr\u00e9dients :<\/p>\n<p>Sucre ; sirop de glucose ; amidon de bl\u00e9 ; eau ; amidon de ma\u00efs modifi\u00e9 ; amidon de pomme de terre modifi\u00e9 ; acidifiants (E270, E296, E330) ; ar\u00f4mes ; concentr\u00e9 de jus de carotte noire ; concentr\u00e9 de spiruline et de carthame ; concentr\u00e9 de raisin ; colorants (E100, E160c) ; huile v\u00e9g\u00e9tale (cocos) ; agent d&rsquo;enrobage (cire de carnauba).<\/p>\n<p>&nbsp;<\/p>\n<table id=\"product-attribute-specs-table\" class=\"data-table\">\n<colgroup>\n<col width=\"50%\" \/>\n<col \/><\/colgroup>\n<thead>\n<tr>\n<td>Valeurs nutritionnelles moyennes pour 100g<\/td>\n<td class=\"last\"><\/td>\n<\/tr>\n<\/thead>\n<tbody>\n<tr>\n<th class=\"label\">Valeur \u00e9nerg\u00e9tique (kJ)<\/th>\n<td class=\"data\">1436<\/td>\n<\/tr>\n<tr>\n<th class=\"label\">Valeur \u00e9nerg\u00e9tique (kcal)<\/th>\n<td class=\"data\">338<\/td>\n<\/tr>\n<tr>\n<th class=\"label\">Mati\u00e8res grasses (g)<\/th>\n<td class=\"data\">0.5<\/td>\n<\/tr>\n<tr>\n<th class=\"label\">Acides gras satur\u00e9s (g)<\/th>\n<td class=\"data\">0.3<\/td>\n<\/tr>\n<tr>\n<th class=\"label\">Glucides (g)<\/th>\n<td class=\"data\">84<\/td>\n<\/tr>\n<tr>\n<th class=\"label\">Sucres (g)<\/th>\n<td class=\"data\">55<\/td>\n<\/tr>\n<tr>\n<th class=\"label\">Prot\u00e9ines (g)<\/th>\n<td class=\"data\">0,5<\/td>\n<\/tr>\n<tr>\n<th class=\"label\">Sel (g)<\/th>\n<td class=\"data\">0.05<\/td>\n<\/tr>\n<\/tbody>\n<\/table>\n","protected":false},"excerpt":{"rendered":"<p>Ingr\u00e9dients : Sucre ; sirop de glucose ; amidon de bl\u00e9 ; eau ; amidon de ma\u00efs modifi\u00e9 ; amidon de pomme de terre modifi\u00e9 ; acidifiants (E270, E296, E330) ; ar\u00f4mes ; concentr\u00e9 de jus de carotte noire ; concentr\u00e9 de spiruline et de carthame ; concentr\u00e9 de raisin ; colorants (E100, E160c) ; [&hellip;]<\/p>\n","protected":false},"featured_media":2189,"comment_status":"open","ping_status":"closed","template":"","meta":{"_eb_attr":""},"product_cat":[15,34],"product_tag":[],"class_list":{"0":"post-2184","1":"product","2":"type-product","3":"status-publish","4":"has-post-thumbnail","6":"product_cat-tous-les-bonbon","7":"product_cat-frisia","9":"first","10":"instock","11":"taxable","12":"shipping-taxable","13":"purchasable","14":"product-type-variable","15":"has-default-attributes"},"_links":{"self":[{"href":"https:\/\/vlnbonbon.fr\/index.php\/wp-json\/wp\/v2\/product\/2184","targetHints":{"allow":["GET"]}}],"collection":[{"href":"https:\/\/vlnbonbon.fr\/index.php\/wp-json\/wp\/v2\/product"}],"about":[{"href":"https:\/\/vlnbonbon.fr\/index.php\/wp-json\/wp\/v2\/types\/product"}],"replies":[{"embeddable":true,"href":"https:\/\/vlnbonbon.fr\/index.php\/wp-json\/wp\/v2\/comments?post=2184"}],"wp:featuredmedia":[{"embeddable":true,"href":"https:\/\/vlnbonbon.fr\/index.php\/wp-json\/wp\/v2\/media\/2189"}],"wp:attachment":[{"href":"https:\/\/vlnbonbon.fr\/index.php\/wp-json\/wp\/v2\/media?parent=2184"}],"wp:term":[{"taxonomy":"product_cat","embeddable":true,"href":"https:\/\/vlnbonbon.fr\/index.php\/wp-json\/wp\/v2\/product_cat?post=2184"},{"taxonomy":"product_tag","embeddable":true,"href":"https:\/\/vlnbonbon.fr\/index.php\/wp-json\/wp\/v2\/product_tag?post=2184"}],"curies":[{"name":"wp","href":"https:\/\/api.w.org\/{rel}","templated":true}]}}