{"id":2178,"date":"2024-10-03T19:38:55","date_gmt":"2024-10-03T17:38:55","guid":{"rendered":"https:\/\/vlnbonbon.fr\/?post_type=product&#038;p=2178"},"modified":"2025-12-10T16:48:54","modified_gmt":"2025-12-10T15:48:54","slug":"cameleon","status":"publish","type":"product","link":"https:\/\/vlnbonbon.fr\/index.php\/produit\/cameleon\/","title":{"rendered":"Cameleon"},"content":{"rendered":"<p>Ingr\u00e9dients :<\/p>\n<p>Sirop de glucose; sucre; g\u00e9latine; dextrose; acidifiant: acide citrique; concentr\u00e9s de fruits et de plantes: carthame, spiruline, pomme, carotte, citron, radis, patate douce; ar\u00f4me; agents d&rsquo;enrobage: cire d&rsquo;abeille blanche et jaune, cire de carnauba. Tenir \u00e0 l&rsquo;abri de la chaleur et de l&rsquo;humidit\u00e9. Peut contenir des traces de BLE, LAIT.<\/p>\n<p>&nbsp;<\/p>\n<table id=\"product-attribute-specs-table\" class=\"data-table\">\n<colgroup>\n<col width=\"50%\" \/>\n<col \/><\/colgroup>\n<thead>\n<tr>\n<td>Valeurs nutritionnelles moyennes pour 100g<\/td>\n<td class=\"last\"><\/td>\n<\/tr>\n<\/thead>\n<tbody>\n<tr>\n<th class=\"label\">Valeur \u00e9nerg\u00e9tique (kJ)<\/th>\n<td class=\"data\">1441<\/td>\n<\/tr>\n<tr>\n<th class=\"label\">Valeur \u00e9nerg\u00e9tique (kcal)<\/th>\n<td class=\"data\">330<\/td>\n<\/tr>\n<tr>\n<th class=\"label\">Mati\u00e8res grasses (g)<\/th>\n<td class=\"data\">0.5<\/td>\n<\/tr>\n<tr>\n<th class=\"label\">Acides gras satur\u00e9s (g)<\/th>\n<td class=\"data\">0.1<\/td>\n<\/tr>\n<tr>\n<th class=\"label\">Glucides (g)<\/th>\n<td class=\"data\">78<\/td>\n<\/tr>\n<tr>\n<th class=\"label\">Sucres (g)<\/th>\n<td class=\"data\">45<\/td>\n<\/tr>\n<tr>\n<th class=\"label\">Prot\u00e9ines (g)<\/th>\n<td class=\"data\">5.8<\/td>\n<\/tr>\n<tr>\n<th class=\"label\">Sel (g)<\/th>\n<td class=\"data\">0.01<\/td>\n<\/tr>\n<\/tbody>\n<\/table>\n","protected":false},"excerpt":{"rendered":"<p>Ingr\u00e9dients : Sirop de glucose; sucre; g\u00e9latine; dextrose; acidifiant: acide citrique; concentr\u00e9s de fruits et de plantes: carthame, spiruline, pomme, carotte, citron, radis, patate douce; ar\u00f4me; agents d&rsquo;enrobage: cire d&rsquo;abeille blanche et jaune, cire de carnauba. Tenir \u00e0 l&rsquo;abri de la chaleur et de l&rsquo;humidit\u00e9. Peut contenir des traces de BLE, LAIT. &nbsp; Valeurs nutritionnelles [&hellip;]<\/p>\n","protected":false},"featured_media":2183,"comment_status":"open","ping_status":"closed","template":"","meta":{"_eb_attr":""},"product_cat":[15,35],"product_tag":[],"class_list":{"0":"post-2178","1":"product","2":"type-product","3":"status-publish","4":"has-post-thumbnail","6":"product_cat-tous-les-bonbon","7":"product_cat-haribo","9":"first","10":"instock","11":"taxable","12":"shipping-taxable","13":"purchasable","14":"product-type-variable","15":"has-default-attributes"},"_links":{"self":[{"href":"https:\/\/vlnbonbon.fr\/index.php\/wp-json\/wp\/v2\/product\/2178","targetHints":{"allow":["GET"]}}],"collection":[{"href":"https:\/\/vlnbonbon.fr\/index.php\/wp-json\/wp\/v2\/product"}],"about":[{"href":"https:\/\/vlnbonbon.fr\/index.php\/wp-json\/wp\/v2\/types\/product"}],"replies":[{"embeddable":true,"href":"https:\/\/vlnbonbon.fr\/index.php\/wp-json\/wp\/v2\/comments?post=2178"}],"wp:featuredmedia":[{"embeddable":true,"href":"https:\/\/vlnbonbon.fr\/index.php\/wp-json\/wp\/v2\/media\/2183"}],"wp:attachment":[{"href":"https:\/\/vlnbonbon.fr\/index.php\/wp-json\/wp\/v2\/media?parent=2178"}],"wp:term":[{"taxonomy":"product_cat","embeddable":true,"href":"https:\/\/vlnbonbon.fr\/index.php\/wp-json\/wp\/v2\/product_cat?post=2178"},{"taxonomy":"product_tag","embeddable":true,"href":"https:\/\/vlnbonbon.fr\/index.php\/wp-json\/wp\/v2\/product_tag?post=2178"}],"curies":[{"name":"wp","href":"https:\/\/api.w.org\/{rel}","templated":true}]}}