{"id":2160,"date":"2024-10-03T18:56:44","date_gmt":"2024-10-03T16:56:44","guid":{"rendered":"https:\/\/vlnbonbon.fr\/?post_type=product&#038;p=2160"},"modified":"2024-10-03T19:50:59","modified_gmt":"2024-10-03T17:50:59","slug":"fraise-plate-sucree","status":"publish","type":"product","link":"https:\/\/vlnbonbon.fr\/index.php\/produit\/fraise-plate-sucree\/","title":{"rendered":"Fraise plate sucr\u00e9e"},"content":{"rendered":"<p><strong>INGR\u00c9DIENTS :<\/strong> sucre, sirop de glucose, amidon de bl\u00e9, eau, amidon de ma\u00efs modifi\u00e9, amidon de pomme de terre modifi\u00e9, acidifiants (E296, E270, E330), ar\u00f4me, concentr\u00e9 de jus de carotte noire, colorant alimentaire ( concentr\u00e9 de spiruline et de Carthame)<\/p>\n<p>&nbsp;<\/p>\n<table id=\"product-attribute-specs-table\" class=\"data-table\">\n<colgroup>\n<col width=\"50%\" \/>\n<col \/><\/colgroup>\n<thead>\n<tr>\n<td>Valeurs nutritionnelles moyennes pour 100g<\/td>\n<td class=\"last\"><\/td>\n<\/tr>\n<\/thead>\n<tbody>\n<tr>\n<th class=\"label\">Valeur \u00e9nerg\u00e9tique (kJ)<\/th>\n<td class=\"data\">1453<\/td>\n<\/tr>\n<tr>\n<th class=\"label\">Valeur \u00e9nerg\u00e9tique (kcal)<\/th>\n<td class=\"data\">342<\/td>\n<\/tr>\n<tr>\n<th class=\"label\">Mati\u00e8res grasses (g)<\/th>\n<td class=\"data\">0.5<\/td>\n<\/tr>\n<tr>\n<th class=\"label\">Acides gras satur\u00e9s (g)<\/th>\n<td class=\"data\">0.1<\/td>\n<\/tr>\n<tr>\n<th class=\"label\">Glucides (g)<\/th>\n<td class=\"data\">85<\/td>\n<\/tr>\n<tr>\n<th class=\"label\">Sucres (g)<\/th>\n<td class=\"data\">60<\/td>\n<\/tr>\n<tr>\n<th class=\"label\">Prot\u00e9ines (g)<\/th>\n<td class=\"data\">0,5<\/td>\n<\/tr>\n<tr>\n<th class=\"label\">Sel (g)<\/th>\n<td class=\"data\">0.01<\/td>\n<\/tr>\n<\/tbody>\n<\/table>\n","protected":false},"excerpt":{"rendered":"<p>INGR\u00c9DIENTS : sucre, sirop de glucose, amidon de bl\u00e9, eau, amidon de ma\u00efs modifi\u00e9, amidon de pomme de terre modifi\u00e9, acidifiants (E296, E270, E330), ar\u00f4me, concentr\u00e9 de jus de carotte noire, colorant alimentaire ( concentr\u00e9 de spiruline et de Carthame) &nbsp; Valeurs nutritionnelles moyennes pour 100g Valeur \u00e9nerg\u00e9tique (kJ) 1453 Valeur \u00e9nerg\u00e9tique (kcal) 342 Mati\u00e8res [&hellip;]<\/p>\n","protected":false},"featured_media":2165,"comment_status":"open","ping_status":"closed","template":"","meta":{"_eb_attr":""},"product_cat":[15,46],"product_tag":[],"class_list":{"0":"post-2160","1":"product","2":"type-product","3":"status-publish","4":"has-post-thumbnail","6":"product_cat-tous-les-bonbon","7":"product_cat-astra","9":"first","10":"instock","11":"taxable","12":"shipping-taxable","13":"purchasable","14":"product-type-variable","15":"has-default-attributes"},"_links":{"self":[{"href":"https:\/\/vlnbonbon.fr\/index.php\/wp-json\/wp\/v2\/product\/2160","targetHints":{"allow":["GET"]}}],"collection":[{"href":"https:\/\/vlnbonbon.fr\/index.php\/wp-json\/wp\/v2\/product"}],"about":[{"href":"https:\/\/vlnbonbon.fr\/index.php\/wp-json\/wp\/v2\/types\/product"}],"replies":[{"embeddable":true,"href":"https:\/\/vlnbonbon.fr\/index.php\/wp-json\/wp\/v2\/comments?post=2160"}],"wp:featuredmedia":[{"embeddable":true,"href":"https:\/\/vlnbonbon.fr\/index.php\/wp-json\/wp\/v2\/media\/2165"}],"wp:attachment":[{"href":"https:\/\/vlnbonbon.fr\/index.php\/wp-json\/wp\/v2\/media?parent=2160"}],"wp:term":[{"taxonomy":"product_cat","embeddable":true,"href":"https:\/\/vlnbonbon.fr\/index.php\/wp-json\/wp\/v2\/product_cat?post=2160"},{"taxonomy":"product_tag","embeddable":true,"href":"https:\/\/vlnbonbon.fr\/index.php\/wp-json\/wp\/v2\/product_tag?post=2160"}],"curies":[{"name":"wp","href":"https:\/\/api.w.org\/{rel}","templated":true}]}}