{"id":2125,"date":"2024-03-19T17:15:28","date_gmt":"2024-03-19T16:15:28","guid":{"rendered":"https:\/\/vlnbonbon.fr\/?post_type=product&#038;p=2125"},"modified":"2025-12-10T16:42:51","modified_gmt":"2025-12-10T15:42:51","slug":"licorne-sucette","status":"publish","type":"product","link":"https:\/\/vlnbonbon.fr\/index.php\/produit\/licorne-sucette\/","title":{"rendered":"Licorne sucette"},"content":{"rendered":"<p><strong>INGR\u00c9DIENTS :<\/strong><\/p>\n<p>(sucette)\u00a0sucre, sirop de glucose, ar\u00f4mes, colorants: E120, E133, E150a.\u00a0(poudre acidul\u00e9e) dextrose, sucre, \u00a0acidifiants: acide citrique, acide malique ; anti agglom\u00e9rant : st\u00e9arate de magn\u00e9sium, ar\u00f4mes, colorants: E120, E133, E150a.<\/p>\n<table id=\"product-attribute-specs-table\" class=\"data-table\">\n<colgroup>\n<col width=\"50%\" \/>\n<col \/><\/colgroup>\n<thead>\n<tr>\n<td>Valeurs nutritionnelles moyennes pour 100g<\/td>\n<td class=\"last\"><\/td>\n<\/tr>\n<\/thead>\n<tbody>\n<tr>\n<th class=\"label\">Valeur \u00e9nerg\u00e9tique (kJ)<\/th>\n<td class=\"data\">1611<\/td>\n<\/tr>\n<tr>\n<th class=\"label\">Valeur \u00e9nerg\u00e9tique (kcal)<\/th>\n<td class=\"data\">385<\/td>\n<\/tr>\n<tr>\n<th class=\"label\">Mati\u00e8res grasses (g)<\/th>\n<td class=\"data\">0<\/td>\n<\/tr>\n<tr>\n<th class=\"label\">Acides gras satur\u00e9s (g)<\/th>\n<td class=\"data\">0<\/td>\n<\/tr>\n<tr>\n<th class=\"label\">Glucides (g)<\/th>\n<td class=\"data\">96<\/td>\n<\/tr>\n<tr>\n<th class=\"label\">Sucres (g)<\/th>\n<td class=\"data\">91<\/td>\n<\/tr>\n<tr>\n<th class=\"label\">Prot\u00e9ines (g)<\/th>\n<td class=\"data\">0<\/td>\n<\/tr>\n<tr>\n<th class=\"label\">Sel (g)<\/th>\n<td class=\"data\">0<\/td>\n<\/tr>\n<\/tbody>\n<\/table>\n<p>&nbsp;<\/p>\n","protected":false},"excerpt":{"rendered":"<p>INGR\u00c9DIENTS : (sucette)\u00a0sucre, sirop de glucose, ar\u00f4mes, colorants: E120, E133, E150a.\u00a0(poudre acidul\u00e9e) dextrose, sucre, \u00a0acidifiants: acide citrique, acide malique ; anti agglom\u00e9rant : st\u00e9arate de magn\u00e9sium, ar\u00f4mes, colorants: E120, E133, E150a. Valeurs nutritionnelles moyennes pour 100g Valeur \u00e9nerg\u00e9tique (kJ) 1611 Valeur \u00e9nerg\u00e9tique (kcal) 385 Mati\u00e8res grasses (g) 0 Acides gras satur\u00e9s (g) 0 Glucides (g) [&hellip;]<\/p>\n","protected":false},"featured_media":2109,"comment_status":"open","ping_status":"closed","template":"","meta":{"_eb_attr":""},"product_cat":[29],"product_tag":[],"class_list":{"0":"post-2125","1":"product","2":"type-product","3":"status-publish","4":"has-post-thumbnail","6":"product_cat-a-lunite","8":"first","9":"instock","10":"taxable","11":"shipping-taxable","12":"purchasable","13":"product-type-simple"},"_links":{"self":[{"href":"https:\/\/vlnbonbon.fr\/index.php\/wp-json\/wp\/v2\/product\/2125","targetHints":{"allow":["GET"]}}],"collection":[{"href":"https:\/\/vlnbonbon.fr\/index.php\/wp-json\/wp\/v2\/product"}],"about":[{"href":"https:\/\/vlnbonbon.fr\/index.php\/wp-json\/wp\/v2\/types\/product"}],"replies":[{"embeddable":true,"href":"https:\/\/vlnbonbon.fr\/index.php\/wp-json\/wp\/v2\/comments?post=2125"}],"wp:featuredmedia":[{"embeddable":true,"href":"https:\/\/vlnbonbon.fr\/index.php\/wp-json\/wp\/v2\/media\/2109"}],"wp:attachment":[{"href":"https:\/\/vlnbonbon.fr\/index.php\/wp-json\/wp\/v2\/media?parent=2125"}],"wp:term":[{"taxonomy":"product_cat","embeddable":true,"href":"https:\/\/vlnbonbon.fr\/index.php\/wp-json\/wp\/v2\/product_cat?post=2125"},{"taxonomy":"product_tag","embeddable":true,"href":"https:\/\/vlnbonbon.fr\/index.php\/wp-json\/wp\/v2\/product_tag?post=2125"}],"curies":[{"name":"wp","href":"https:\/\/api.w.org\/{rel}","templated":true}]}}