{"id":2124,"date":"2024-03-19T17:10:02","date_gmt":"2024-03-19T16:10:02","guid":{"rendered":"https:\/\/vlnbonbon.fr\/?post_type=product&#038;p=2124"},"modified":"2025-12-10T16:42:33","modified_gmt":"2025-12-10T15:42:33","slug":"chupa-chups-xxl","status":"publish","type":"product","link":"https:\/\/vlnbonbon.fr\/index.php\/produit\/chupa-chups-xxl\/","title":{"rendered":"Chupa chups XXL"},"content":{"rendered":"<p><strong>INGR\u00c9DIENTS :<\/strong><\/p>\n<p>Sucre, sirop de glucose, gomme base, acidifiants (acide citrique, acide lactique), humectant (glyc\u00e9rol), colorants (E162, E160c, E100), ar\u00f4mes, extrait de malt (d&rsquo;orge), \u00e9mulsifiant (l\u00e9cithine de soja), antioxidant (E321). Ar\u00f4me cola : contient du soja et de l&rsquo;orge. Peut contenir des traces de lait. Ar\u00f4me fraise : contient du soja. Peut contenir des traces de lait et d&rsquo;orge. Ar\u00f4me pomme : contient du soja. Peut contenir des traces de lait et d&rsquo;orge.<\/p>\n<div><\/div>\n<table id=\"product-attribute-specs-table\" class=\"data-table\">\n<colgroup>\n<col width=\"50%\" \/>\n<col \/><\/colgroup>\n<thead>\n<tr>\n<td>Valeurs nutritionnelles moyennes pour 100g<\/td>\n<td class=\"last\"><\/td>\n<\/tr>\n<\/thead>\n<tbody>\n<tr>\n<th class=\"label\">Valeur \u00e9nerg\u00e9tique (kJ)<\/th>\n<td class=\"data\">1513<\/td>\n<\/tr>\n<tr>\n<th class=\"label\">Valeur \u00e9nerg\u00e9tique (kcal)<\/th>\n<td class=\"data\">356<\/td>\n<\/tr>\n<tr>\n<th class=\"label\">Mati\u00e8res grasses (g)<\/th>\n<td class=\"data\">0<\/td>\n<\/tr>\n<tr>\n<th class=\"label\">Acides gras satur\u00e9s (g)<\/th>\n<td class=\"data\">0<\/td>\n<\/tr>\n<tr>\n<th class=\"label\">Glucides (g)<\/th>\n<td class=\"data\">89<\/td>\n<\/tr>\n<tr>\n<th class=\"label\">Sucres (g)<\/th>\n<td class=\"data\">72<\/td>\n<\/tr>\n<tr>\n<th class=\"label\">Prot\u00e9ines (g)<\/th>\n<td class=\"data\">0<\/td>\n<\/tr>\n<tr>\n<th class=\"label\">Sel (g)<\/th>\n<td class=\"data\">0<\/td>\n<\/tr>\n<\/tbody>\n<\/table>\n<p>&nbsp;<\/p>\n","protected":false},"excerpt":{"rendered":"<p>INGR\u00c9DIENTS : Sucre, sirop de glucose, gomme base, acidifiants (acide citrique, acide lactique), humectant (glyc\u00e9rol), colorants (E162, E160c, E100), ar\u00f4mes, extrait de malt (d&rsquo;orge), \u00e9mulsifiant (l\u00e9cithine de soja), antioxidant (E321). Ar\u00f4me cola : contient du soja et de l&rsquo;orge. Peut contenir des traces de lait. Ar\u00f4me fraise : contient du soja. Peut contenir des traces [&hellip;]<\/p>\n","protected":false},"featured_media":2110,"comment_status":"open","ping_status":"closed","template":"","meta":{"_eb_attr":""},"product_cat":[29],"product_tag":[],"class_list":{"0":"post-2124","1":"product","2":"type-product","3":"status-publish","4":"has-post-thumbnail","6":"product_cat-a-lunite","8":"first","9":"instock","10":"taxable","11":"shipping-taxable","12":"purchasable","13":"product-type-simple"},"_links":{"self":[{"href":"https:\/\/vlnbonbon.fr\/index.php\/wp-json\/wp\/v2\/product\/2124","targetHints":{"allow":["GET"]}}],"collection":[{"href":"https:\/\/vlnbonbon.fr\/index.php\/wp-json\/wp\/v2\/product"}],"about":[{"href":"https:\/\/vlnbonbon.fr\/index.php\/wp-json\/wp\/v2\/types\/product"}],"replies":[{"embeddable":true,"href":"https:\/\/vlnbonbon.fr\/index.php\/wp-json\/wp\/v2\/comments?post=2124"}],"wp:featuredmedia":[{"embeddable":true,"href":"https:\/\/vlnbonbon.fr\/index.php\/wp-json\/wp\/v2\/media\/2110"}],"wp:attachment":[{"href":"https:\/\/vlnbonbon.fr\/index.php\/wp-json\/wp\/v2\/media?parent=2124"}],"wp:term":[{"taxonomy":"product_cat","embeddable":true,"href":"https:\/\/vlnbonbon.fr\/index.php\/wp-json\/wp\/v2\/product_cat?post=2124"},{"taxonomy":"product_tag","embeddable":true,"href":"https:\/\/vlnbonbon.fr\/index.php\/wp-json\/wp\/v2\/product_tag?post=2124"}],"curies":[{"name":"wp","href":"https:\/\/api.w.org\/{rel}","templated":true}]}}