{"id":2067,"date":"2024-02-13T11:10:15","date_gmt":"2024-02-13T10:10:15","guid":{"rendered":"https:\/\/vlnbonbon.fr\/?post_type=product&#038;p=2067"},"modified":"2024-02-19T17:52:16","modified_gmt":"2024-02-19T16:52:16","slug":"balla-balla-fizz","status":"publish","type":"product","link":"https:\/\/vlnbonbon.fr\/index.php\/produit\/balla-balla-fizz\/","title":{"rendered":"Balla Balla fizz"},"content":{"rendered":"<p><strong>INGR\u00c9DIENTS : <\/strong>sucre, sirop de glucose, farine de bl\u00e9, humectant : sorbitol, sirop de sorbitol, graisse de palme, acidifiant : acide citrique, acide malique, correcteurs d&rsquo;acidit\u00e9 : malate acide de sodium, citrate, trisodique, d&rsquo;extrose, amidon de bl\u00e9, amidon, g\u00e9latine, \u00e9mulsifiant : mono\u2013et, glyc\u00e9rides d&rsquo;acides gras, ar\u00f4me, concentr\u00e9 de fruits et de plantes : cassis, baie de sureau, aronie, raisin, carate, orange, citron, extrait de baie de sureau. Tenir \u00e0 l&rsquo;abri de la chaleur et de l&rsquo;humidit\u00e9. Peut contenir des traces de<strong> lait.<\/strong><\/p>\n<table id=\"product-attribute-specs-table\" class=\"data-table\">\n<colgroup>\n<col width=\"50%\" \/>\n<col \/><\/colgroup>\n<thead>\n<tr>\n<td>Valeurs nutritionnelles moyennes pour 100g<\/td>\n<td class=\"last\"><\/td>\n<\/tr>\n<\/thead>\n<tbody>\n<tr>\n<th class=\"label\">Valeur \u00e9nerg\u00e9tique (kJ)<\/th>\n<td class=\"data\">1608<\/td>\n<\/tr>\n<tr>\n<th class=\"label\">Valeur \u00e9nerg\u00e9tique (kcal)<\/th>\n<td class=\"data\">380<\/td>\n<\/tr>\n<tr>\n<th class=\"label\">Mati\u00e8res grasses (g)<\/th>\n<td class=\"data\">4.2<\/td>\n<\/tr>\n<tr>\n<th class=\"label\">Acides gras satur\u00e9s (g)<\/th>\n<td class=\"data\">2.4<\/td>\n<\/tr>\n<tr>\n<th class=\"label\">Glucides (g)<\/th>\n<td class=\"data\">84<\/td>\n<\/tr>\n<tr>\n<th class=\"label\">Sucres (g)<\/th>\n<td class=\"data\">63<\/td>\n<\/tr>\n<tr>\n<th class=\"label\">Prot\u00e9ines (g)<\/th>\n<td class=\"data\">1.8<\/td>\n<\/tr>\n<tr>\n<th class=\"label\">Sel (g)<\/th>\n<td class=\"data\">0.37<\/td>\n<\/tr>\n<\/tbody>\n<\/table>\n","protected":false},"excerpt":{"rendered":"<p>INGR\u00c9DIENTS : sucre, sirop de glucose, farine de bl\u00e9, humectant : sorbitol, sirop de sorbitol, graisse de palme, acidifiant : acide citrique, acide malique, correcteurs d&rsquo;acidit\u00e9 : malate acide de sodium, citrate, trisodique, d&rsquo;extrose, amidon de bl\u00e9, amidon, g\u00e9latine, \u00e9mulsifiant : mono\u2013et, glyc\u00e9rides d&rsquo;acides gras, ar\u00f4me, concentr\u00e9 de fruits et de plantes : cassis, baie [&hellip;]<\/p>\n","protected":false},"featured_media":2044,"comment_status":"open","ping_status":"closed","template":"","meta":{"_eb_attr":""},"product_cat":[15,35],"product_tag":[],"class_list":{"0":"post-2067","1":"product","2":"type-product","3":"status-publish","4":"has-post-thumbnail","6":"product_cat-tous-les-bonbon","7":"product_cat-haribo","9":"first","10":"instock","11":"taxable","12":"shipping-taxable","13":"purchasable","14":"product-type-variable","15":"has-default-attributes"},"_links":{"self":[{"href":"https:\/\/vlnbonbon.fr\/index.php\/wp-json\/wp\/v2\/product\/2067","targetHints":{"allow":["GET"]}}],"collection":[{"href":"https:\/\/vlnbonbon.fr\/index.php\/wp-json\/wp\/v2\/product"}],"about":[{"href":"https:\/\/vlnbonbon.fr\/index.php\/wp-json\/wp\/v2\/types\/product"}],"replies":[{"embeddable":true,"href":"https:\/\/vlnbonbon.fr\/index.php\/wp-json\/wp\/v2\/comments?post=2067"}],"wp:featuredmedia":[{"embeddable":true,"href":"https:\/\/vlnbonbon.fr\/index.php\/wp-json\/wp\/v2\/media\/2044"}],"wp:attachment":[{"href":"https:\/\/vlnbonbon.fr\/index.php\/wp-json\/wp\/v2\/media?parent=2067"}],"wp:term":[{"taxonomy":"product_cat","embeddable":true,"href":"https:\/\/vlnbonbon.fr\/index.php\/wp-json\/wp\/v2\/product_cat?post=2067"},{"taxonomy":"product_tag","embeddable":true,"href":"https:\/\/vlnbonbon.fr\/index.php\/wp-json\/wp\/v2\/product_tag?post=2067"}],"curies":[{"name":"wp","href":"https:\/\/api.w.org\/{rel}","templated":true}]}}