{"id":2001,"date":"2024-02-05T13:50:54","date_gmt":"2024-02-05T12:50:54","guid":{"rendered":"https:\/\/vlnbonbon.fr\/?post_type=product&#038;p=2001"},"modified":"2025-12-10T16:52:08","modified_gmt":"2025-12-10T15:52:08","slug":"hitschies-acidule","status":"publish","type":"product","link":"https:\/\/vlnbonbon.fr\/index.php\/produit\/hitschies-acidule\/","title":{"rendered":"Hitschies acidul\u00e9"},"content":{"rendered":"<p><strong>INGR\u00c9DIENTS :<\/strong><\/p>\n<p>Sucre, sirop de glucose, dextrose, graisse v\u00e9g\u00e9tales, acidifiants : acide malique, acide citrique, acide lactique, amidon modifi\u00e9, g\u00e9latine (bovine), ar\u00f4mes, agent stabilisant : gomme arabique, \u00e9mulsifiant: l\u00e9cithine, colorants : (carmin, curcumine, charbon v\u00e9g\u00e9tal m\u00e9dicinal, bleu brillant FCF).<\/p>\n<table id=\"product-attribute-specs-table\" class=\"data-table\">\n<colgroup>\n<col width=\"50%\" \/>\n<col \/><\/colgroup>\n<thead>\n<tr>\n<td>Valeurs nutritionnelles moyennes pour 100g<\/td>\n<td class=\"last\"><\/td>\n<\/tr>\n<\/thead>\n<tbody>\n<tr>\n<th class=\"label\">Valeur \u00e9nerg\u00e9tique (kJ)<\/th>\n<td class=\"data\">1682<\/td>\n<\/tr>\n<tr>\n<th class=\"label\">Valeur \u00e9nerg\u00e9tique (kcal)<\/th>\n<td class=\"data\">398<\/td>\n<\/tr>\n<tr>\n<th class=\"label\">Mati\u00e8res grasses (g)<\/th>\n<td class=\"data\">5.8<\/td>\n<\/tr>\n<tr>\n<th class=\"label\">Acides gras satur\u00e9s (g)<\/th>\n<td class=\"data\">3.3<\/td>\n<\/tr>\n<tr>\n<th class=\"label\">Glucides (g)<\/th>\n<td class=\"data\">85<\/td>\n<\/tr>\n<tr>\n<th class=\"label\">Sucres (g)<\/th>\n<td class=\"data\">65<\/td>\n<\/tr>\n<tr>\n<th class=\"label\">Prot\u00e9ines (g)<\/th>\n<td class=\"data\">1.5<\/td>\n<\/tr>\n<tr>\n<th class=\"label\">Sel (g)<\/th>\n<td class=\"data\">0.07<\/td>\n<\/tr>\n<\/tbody>\n<\/table>\n<p>&nbsp;<\/p>\n","protected":false},"excerpt":{"rendered":"<p>INGR\u00c9DIENTS : Sucre, sirop de glucose, dextrose, graisse v\u00e9g\u00e9tales, acidifiants : acide malique, acide citrique, acide lactique, amidon modifi\u00e9, g\u00e9latine (bovine), ar\u00f4mes, agent stabilisant : gomme arabique, \u00e9mulsifiant: l\u00e9cithine, colorants : (carmin, curcumine, charbon v\u00e9g\u00e9tal m\u00e9dicinal, bleu brillant FCF). Valeurs nutritionnelles moyennes pour 100g Valeur \u00e9nerg\u00e9tique (kJ) 1682 Valeur \u00e9nerg\u00e9tique (kcal) 398 Mati\u00e8res grasses (g) [&hellip;]<\/p>\n","protected":false},"featured_media":2006,"comment_status":"open","ping_status":"closed","template":"","meta":{"_eb_attr":""},"product_cat":[15,27,43,40],"product_tag":[],"class_list":{"0":"post-2001","1":"product","2":"type-product","3":"status-publish","4":"has-post-thumbnail","6":"product_cat-tous-les-bonbon","7":"product_cat-halal","8":"product_cat-hitschies","9":"product_cat-sans-gluten","11":"first","12":"instock","13":"taxable","14":"shipping-taxable","15":"purchasable","16":"product-type-variable","17":"has-default-attributes"},"_links":{"self":[{"href":"https:\/\/vlnbonbon.fr\/index.php\/wp-json\/wp\/v2\/product\/2001","targetHints":{"allow":["GET"]}}],"collection":[{"href":"https:\/\/vlnbonbon.fr\/index.php\/wp-json\/wp\/v2\/product"}],"about":[{"href":"https:\/\/vlnbonbon.fr\/index.php\/wp-json\/wp\/v2\/types\/product"}],"replies":[{"embeddable":true,"href":"https:\/\/vlnbonbon.fr\/index.php\/wp-json\/wp\/v2\/comments?post=2001"}],"wp:featuredmedia":[{"embeddable":true,"href":"https:\/\/vlnbonbon.fr\/index.php\/wp-json\/wp\/v2\/media\/2006"}],"wp:attachment":[{"href":"https:\/\/vlnbonbon.fr\/index.php\/wp-json\/wp\/v2\/media?parent=2001"}],"wp:term":[{"taxonomy":"product_cat","embeddable":true,"href":"https:\/\/vlnbonbon.fr\/index.php\/wp-json\/wp\/v2\/product_cat?post=2001"},{"taxonomy":"product_tag","embeddable":true,"href":"https:\/\/vlnbonbon.fr\/index.php\/wp-json\/wp\/v2\/product_tag?post=2001"}],"curies":[{"name":"wp","href":"https:\/\/api.w.org\/{rel}","templated":true}]}}