{"id":1986,"date":"2024-02-05T13:33:44","date_gmt":"2024-02-05T12:33:44","guid":{"rendered":"https:\/\/vlnbonbon.fr\/?post_type=product&#038;p=1986"},"modified":"2024-02-05T13:37:50","modified_gmt":"2024-02-05T12:37:50","slug":"souris","status":"publish","type":"product","link":"https:\/\/vlnbonbon.fr\/index.php\/produit\/souris\/","title":{"rendered":"Souris"},"content":{"rendered":"<p><strong>INGR\u00c9DIENTS :<\/strong><\/p>\n<p>Sirop de glucose, sucre, g\u00e9latine,\u00a0acidifiant : acide citrique, acide lactique,stabilisant : sorbitol, g\u00e9lifiant : pectine, ar\u00f4mes, colorants : concentr\u00e9 de fruits et pr\u00e9paration d&rsquo;extraits v\u00e9g\u00e9tal (paprika), carmin, bleu patent\u00e9 V, huile v\u00e9g\u00e9tale, agent d&rsquo;enrobage, cire d&rsquo;abeille, cire de carnauba.<\/p>\n<p>.<\/p>\n<table id=\"product-attribute-specs-table\" class=\"data-table\">\n<colgroup>\n<col width=\"50%\" \/>\n<col \/><\/colgroup>\n<thead>\n<tr>\n<td>Valeurs nutritionnelles moyennes pour 100g<\/td>\n<td class=\"last\"><\/td>\n<\/tr>\n<\/thead>\n<tbody>\n<tr>\n<th class=\"label\">Valeur \u00e9nerg\u00e9tique (kJ)<\/th>\n<td class=\"data\">1434<\/td>\n<\/tr>\n<tr>\n<th class=\"label\">Valeur \u00e9nerg\u00e9tique (kcal)<\/th>\n<td class=\"data\">338<\/td>\n<\/tr>\n<tr>\n<th class=\"label\">Mati\u00e8res grasses (g)<\/th>\n<td class=\"data\">0.1<\/td>\n<\/tr>\n<tr>\n<th class=\"label\">Acides gras satur\u00e9s (g)<\/th>\n<td class=\"data\">0.1<\/td>\n<\/tr>\n<tr>\n<th class=\"label\">Glucides (g)<\/th>\n<td class=\"data\">77<\/td>\n<\/tr>\n<tr>\n<th class=\"label\">Sucres (g)<\/th>\n<td class=\"data\">48<\/td>\n<\/tr>\n<tr>\n<th class=\"label\">Prot\u00e9ines (g)<\/th>\n<td class=\"data\">5.5<\/td>\n<\/tr>\n<tr>\n<th class=\"label\">Sel (g)<\/th>\n<td class=\"data\">0.20<\/td>\n<\/tr>\n<\/tbody>\n<\/table>\n","protected":false},"excerpt":{"rendered":"<p>INGR\u00c9DIENTS : Sirop de glucose, sucre, g\u00e9latine,\u00a0acidifiant : acide citrique, acide lactique,stabilisant : sorbitol, g\u00e9lifiant : pectine, ar\u00f4mes, colorants : concentr\u00e9 de fruits et pr\u00e9paration d&rsquo;extraits v\u00e9g\u00e9tal (paprika), carmin, bleu patent\u00e9 V, huile v\u00e9g\u00e9tale, agent d&rsquo;enrobage, cire d&rsquo;abeille, cire de carnauba. . Valeurs nutritionnelles moyennes pour 100g Valeur \u00e9nerg\u00e9tique (kJ) 1434 Valeur \u00e9nerg\u00e9tique (kcal) 338 [&hellip;]<\/p>\n","protected":false},"featured_media":1991,"comment_status":"open","ping_status":"closed","template":"","meta":{"_eb_attr":""},"product_cat":[15,40,39],"product_tag":[],"class_list":{"0":"post-1986","1":"product","2":"type-product","3":"status-publish","4":"has-post-thumbnail","6":"product_cat-tous-les-bonbon","7":"product_cat-sans-gluten","8":"product_cat-trolli","10":"first","11":"instock","12":"taxable","13":"shipping-taxable","14":"purchasable","15":"product-type-variable","16":"has-default-attributes"},"_links":{"self":[{"href":"https:\/\/vlnbonbon.fr\/index.php\/wp-json\/wp\/v2\/product\/1986","targetHints":{"allow":["GET"]}}],"collection":[{"href":"https:\/\/vlnbonbon.fr\/index.php\/wp-json\/wp\/v2\/product"}],"about":[{"href":"https:\/\/vlnbonbon.fr\/index.php\/wp-json\/wp\/v2\/types\/product"}],"replies":[{"embeddable":true,"href":"https:\/\/vlnbonbon.fr\/index.php\/wp-json\/wp\/v2\/comments?post=1986"}],"wp:featuredmedia":[{"embeddable":true,"href":"https:\/\/vlnbonbon.fr\/index.php\/wp-json\/wp\/v2\/media\/1991"}],"wp:attachment":[{"href":"https:\/\/vlnbonbon.fr\/index.php\/wp-json\/wp\/v2\/media?parent=1986"}],"wp:term":[{"taxonomy":"product_cat","embeddable":true,"href":"https:\/\/vlnbonbon.fr\/index.php\/wp-json\/wp\/v2\/product_cat?post=1986"},{"taxonomy":"product_tag","embeddable":true,"href":"https:\/\/vlnbonbon.fr\/index.php\/wp-json\/wp\/v2\/product_tag?post=1986"}],"curies":[{"name":"wp","href":"https:\/\/api.w.org\/{rel}","templated":true}]}}