{"id":1949,"date":"2024-02-05T12:11:39","date_gmt":"2024-02-05T11:11:39","guid":{"rendered":"https:\/\/vlnbonbon.fr\/?post_type=product&#038;p=1949"},"modified":"2024-10-15T14:33:09","modified_gmt":"2024-10-15T12:33:09","slug":"raimbow","status":"publish","type":"product","link":"https:\/\/vlnbonbon.fr\/index.php\/produit\/raimbow\/","title":{"rendered":"Raimbow"},"content":{"rendered":"<p><strong>INGR\u00c9DIENTS :<\/strong><\/p>\n<p>Sucre; sirop de glucose; amidon; humectant: sirop de sorbitol,; farine de bl\u00e9; acidifiants: acide citrique, acide malique; \u00e9mulsifiants: mono- et diglyc\u00e9rides d&rsquo;acides gras, colars diriques des mono- et diglyc\u00e9rides d&rsquo;acides gras; graisse de palme; dextrose; correcteurs d&rsquo;acidit\u00e9: maiate de sodium, citrate trisodique, citrate monosodique; g\u00e9lifiant: carragh\u00e9nane; ar\u00f4me; concentr\u00e9s de fruits et de plantes. carotte, spiruline, patate douce, cassis, baie de sureau, pomme, hibiscus, radis, aronie, raisin; extrait de baie de Sureau; colorant: curcumine. Peut contenir des traces de bl\u00e9, lait.<\/p>\n<table id=\"product-attribute-specs-table\" class=\"data-table\">\n<colgroup>\n<col width=\"50%\" \/>\n<col \/><\/colgroup>\n<thead>\n<tr>\n<td>Valeurs nutritionnelles moyennes pour 100g<\/td>\n<td class=\"last\"><\/td>\n<\/tr>\n<\/thead>\n<tbody>\n<tr>\n<th class=\"label\">Valeur \u00e9nerg\u00e9tique (kJ)<\/th>\n<td class=\"data\">1579<\/td>\n<\/tr>\n<tr>\n<th class=\"label\">Valeur \u00e9nerg\u00e9tique (kcal)<\/th>\n<td class=\"data\">373<\/td>\n<\/tr>\n<tr>\n<th class=\"label\">Mati\u00e8res grasses (g)<\/th>\n<td class=\"data\">2.7<\/td>\n<\/tr>\n<tr>\n<th class=\"label\">Acides gras satur\u00e9s (g)<\/th>\n<td class=\"data\">2<\/td>\n<\/tr>\n<tr>\n<th class=\"label\">Glucides (g)<\/th>\n<td class=\"data\">86<\/td>\n<\/tr>\n<tr>\n<th class=\"label\">Sucres (g)<\/th>\n<td class=\"data\">59<\/td>\n<\/tr>\n<tr>\n<th class=\"label\">Prot\u00e9ines (g)<\/th>\n<td class=\"data\">0.8<\/td>\n<\/tr>\n<tr>\n<th class=\"label\">Sel (g)<\/th>\n<td class=\"data\">0.22<\/td>\n<\/tr>\n<\/tbody>\n<\/table>\n","protected":false},"excerpt":{"rendered":"<p>INGR\u00c9DIENTS : Sucre; sirop de glucose; amidon; humectant: sirop de sorbitol,; farine de bl\u00e9; acidifiants: acide citrique, acide malique; \u00e9mulsifiants: mono- et diglyc\u00e9rides d&rsquo;acides gras, colars diriques des mono- et diglyc\u00e9rides d&rsquo;acides gras; graisse de palme; dextrose; correcteurs d&rsquo;acidit\u00e9: maiate de sodium, citrate trisodique, citrate monosodique; g\u00e9lifiant: carragh\u00e9nane; ar\u00f4me; concentr\u00e9s de fruits et de plantes. [&hellip;]<\/p>\n","protected":false},"featured_media":1787,"comment_status":"open","ping_status":"closed","template":"","meta":{"_eb_attr":""},"product_cat":[15,35,26],"product_tag":[],"class_list":{"0":"post-1949","1":"product","2":"type-product","3":"status-publish","4":"has-post-thumbnail","6":"product_cat-tous-les-bonbon","7":"product_cat-haribo","8":"product_cat-vegan","10":"first","11":"instock","12":"taxable","13":"shipping-taxable","14":"purchasable","15":"product-type-variable","16":"has-default-attributes"},"_links":{"self":[{"href":"https:\/\/vlnbonbon.fr\/index.php\/wp-json\/wp\/v2\/product\/1949","targetHints":{"allow":["GET"]}}],"collection":[{"href":"https:\/\/vlnbonbon.fr\/index.php\/wp-json\/wp\/v2\/product"}],"about":[{"href":"https:\/\/vlnbonbon.fr\/index.php\/wp-json\/wp\/v2\/types\/product"}],"replies":[{"embeddable":true,"href":"https:\/\/vlnbonbon.fr\/index.php\/wp-json\/wp\/v2\/comments?post=1949"}],"wp:featuredmedia":[{"embeddable":true,"href":"https:\/\/vlnbonbon.fr\/index.php\/wp-json\/wp\/v2\/media\/1787"}],"wp:attachment":[{"href":"https:\/\/vlnbonbon.fr\/index.php\/wp-json\/wp\/v2\/media?parent=1949"}],"wp:term":[{"taxonomy":"product_cat","embeddable":true,"href":"https:\/\/vlnbonbon.fr\/index.php\/wp-json\/wp\/v2\/product_cat?post=1949"},{"taxonomy":"product_tag","embeddable":true,"href":"https:\/\/vlnbonbon.fr\/index.php\/wp-json\/wp\/v2\/product_tag?post=1949"}],"curies":[{"name":"wp","href":"https:\/\/api.w.org\/{rel}","templated":true}]}}