{"id":1938,"date":"2024-02-05T12:02:00","date_gmt":"2024-02-05T11:02:00","guid":{"rendered":"https:\/\/vlnbonbon.fr\/?post_type=product&#038;p=1938"},"modified":"2026-01-30T14:13:11","modified_gmt":"2026-01-30T13:13:11","slug":"licorne","status":"publish","type":"product","link":"https:\/\/vlnbonbon.fr\/index.php\/produit\/licorne\/","title":{"rendered":"Licorne"},"content":{"rendered":"<p><strong>INGR\u00c9DIENTS :<\/strong><\/p>\n<div class=\"a-section content\">\n<p>sirop de glucose, sucre 6%, jus de (raisin, poire, ananas, p\u00eache) \u00e0 base de concentr\u00e9, g\u00e9latine; humectant: sorbitols; amidon de ma\u00efs, acidifiant: acide citrique, g\u00e9lifiant: pectines, ar\u00f4mes, concentr\u00e9 v\u00e9g\u00e9tales : carthame, citron, radis, cassis, carotte, huile v\u00e9g\u00e9tales(palme, agent d&rsquo;enrobage: cire de carnauba, cire d&rsquo;abeille, colorants.<\/p>\n<\/div>\n<p>&nbsp;<\/p>\n<table id=\"product-attribute-specs-table\" class=\"data-table\">\n<colgroup>\n<col width=\"50%\" \/>\n<col \/><\/colgroup>\n<thead>\n<tr>\n<td>Valeurs nutritionnelles moyennes pour 100g<\/td>\n<td class=\"last\"><\/td>\n<\/tr>\n<\/thead>\n<tbody>\n<tr>\n<th class=\"label\">Valeur \u00e9nerg\u00e9tique (kJ)<\/th>\n<td class=\"data\">1396<\/td>\n<\/tr>\n<tr>\n<th class=\"label\">Valeur \u00e9nerg\u00e9tique (kcal)<\/th>\n<td class=\"data\">329<\/td>\n<\/tr>\n<tr>\n<th class=\"label\">Mati\u00e8res grasses (g)<\/th>\n<td class=\"data\">0.2<\/td>\n<\/tr>\n<tr>\n<th class=\"label\">Acides gras satur\u00e9s (g)<\/th>\n<td class=\"data\">0.2<\/td>\n<\/tr>\n<tr>\n<th class=\"label\">Glucides (g)<\/th>\n<td class=\"data\">77<\/td>\n<\/tr>\n<tr>\n<th class=\"label\">Sucres (g)<\/th>\n<td class=\"data\">57<\/td>\n<\/tr>\n<tr>\n<th class=\"label\">Prot\u00e9ines (g)<\/th>\n<td class=\"data\">4.8<\/td>\n<\/tr>\n<tr>\n<th class=\"label\">Sel (g)<\/th>\n<td class=\"data\">0.13<\/td>\n<\/tr>\n<\/tbody>\n<\/table>\n","protected":false},"excerpt":{"rendered":"<p>INGR\u00c9DIENTS : sirop de glucose, sucre 6%, jus de (raisin, poire, ananas, p\u00eache) \u00e0 base de concentr\u00e9, g\u00e9latine; humectant: sorbitols; amidon de ma\u00efs, acidifiant: acide citrique, g\u00e9lifiant: pectines, ar\u00f4mes, concentr\u00e9 v\u00e9g\u00e9tales : carthame, citron, radis, cassis, carotte, huile v\u00e9g\u00e9tales(palme, agent d&rsquo;enrobage: cire de carnauba, cire d&rsquo;abeille, colorants. &nbsp; Valeurs nutritionnelles moyennes pour 100g Valeur \u00e9nerg\u00e9tique [&hellip;]<\/p>\n","protected":false},"featured_media":1943,"comment_status":"open","ping_status":"closed","template":"","meta":{"_eb_attr":""},"product_cat":[15,41],"product_tag":[],"class_list":{"0":"post-1938","1":"product","2":"type-product","3":"status-publish","4":"has-post-thumbnail","6":"product_cat-tous-les-bonbon","7":"product_cat-vidal","9":"first","10":"instock","11":"taxable","12":"shipping-taxable","13":"purchasable","14":"product-type-variable","15":"has-default-attributes"},"_links":{"self":[{"href":"https:\/\/vlnbonbon.fr\/index.php\/wp-json\/wp\/v2\/product\/1938","targetHints":{"allow":["GET"]}}],"collection":[{"href":"https:\/\/vlnbonbon.fr\/index.php\/wp-json\/wp\/v2\/product"}],"about":[{"href":"https:\/\/vlnbonbon.fr\/index.php\/wp-json\/wp\/v2\/types\/product"}],"replies":[{"embeddable":true,"href":"https:\/\/vlnbonbon.fr\/index.php\/wp-json\/wp\/v2\/comments?post=1938"}],"wp:featuredmedia":[{"embeddable":true,"href":"https:\/\/vlnbonbon.fr\/index.php\/wp-json\/wp\/v2\/media\/1943"}],"wp:attachment":[{"href":"https:\/\/vlnbonbon.fr\/index.php\/wp-json\/wp\/v2\/media?parent=1938"}],"wp:term":[{"taxonomy":"product_cat","embeddable":true,"href":"https:\/\/vlnbonbon.fr\/index.php\/wp-json\/wp\/v2\/product_cat?post=1938"},{"taxonomy":"product_tag","embeddable":true,"href":"https:\/\/vlnbonbon.fr\/index.php\/wp-json\/wp\/v2\/product_tag?post=1938"}],"curies":[{"name":"wp","href":"https:\/\/api.w.org\/{rel}","templated":true}]}}