{"id":1927,"date":"2024-02-05T11:47:46","date_gmt":"2024-02-05T10:47:46","guid":{"rendered":"https:\/\/vlnbonbon.fr\/?post_type=product&#038;p=1927"},"modified":"2024-02-06T10:59:35","modified_gmt":"2024-02-06T09:59:35","slug":"maoam","status":"publish","type":"product","link":"https:\/\/vlnbonbon.fr\/index.php\/produit\/maoam\/","title":{"rendered":"Maoam"},"content":{"rendered":"<p><strong>INGR\u00c9DIENTS :<\/strong><\/p>\n<div class=\"a-section content\">\n<p>sirop de glucose ; graisse de palme ; humectant : sirop de sorbitol ; acidifiant : acide citrique ; g\u00e9latine ; concentr\u00e9 de fruits et de plantes : carthame, citron, spiruline, radis, cassis, carotte, pomme ; r\u00e9gulateur d&rsquo;acidit\u00e9 : hydrog\u00e9nocarbonate de sodium ; ar\u00f4me ; agent de s\u00e9paration : talc autour ; moyen de recouvrement : Cire d&rsquo;abeille blanche et jaune ; sirop de sucre inverti.<\/p>\n<\/div>\n<p>&nbsp;<\/p>\n<table id=\"product-attribute-specs-table\" class=\"data-table\">\n<colgroup>\n<col width=\"50%\" \/>\n<col \/><\/colgroup>\n<thead>\n<tr>\n<td>Valeurs nutritionnelles moyennes pour 100g<\/td>\n<td class=\"last\"><\/td>\n<\/tr>\n<\/thead>\n<tbody>\n<tr>\n<th class=\"label\">Valeur \u00e9nerg\u00e9tique (kJ)<\/th>\n<td class=\"data\">1708<\/td>\n<\/tr>\n<tr>\n<th class=\"label\">Valeur \u00e9nerg\u00e9tique (kcal)<\/th>\n<td class=\"data\">408<\/td>\n<\/tr>\n<tr>\n<th class=\"label\">Mati\u00e8res grasses (g)<\/th>\n<td class=\"data\">5.1<\/td>\n<\/tr>\n<tr>\n<th class=\"label\">Acides gras satur\u00e9s (g)<\/th>\n<td class=\"data\">2.5<\/td>\n<\/tr>\n<tr>\n<th class=\"label\">Glucides (g)<\/th>\n<td class=\"data\">90<\/td>\n<\/tr>\n<tr>\n<th class=\"label\">Sucres (g)<\/th>\n<td class=\"data\">70<\/td>\n<\/tr>\n<tr>\n<th class=\"label\">Prot\u00e9ines (g)<\/th>\n<td class=\"data\">0.7<\/td>\n<\/tr>\n<tr>\n<th class=\"label\">Sel (g)<\/th>\n<td class=\"data\">0.05<\/td>\n<\/tr>\n<\/tbody>\n<\/table>\n","protected":false},"excerpt":{"rendered":"<p>INGR\u00c9DIENTS : sirop de glucose ; graisse de palme ; humectant : sirop de sorbitol ; acidifiant : acide citrique ; g\u00e9latine ; concentr\u00e9 de fruits et de plantes : carthame, citron, spiruline, radis, cassis, carotte, pomme ; r\u00e9gulateur d&rsquo;acidit\u00e9 : hydrog\u00e9nocarbonate de sodium ; ar\u00f4me ; agent de s\u00e9paration : talc autour ; moyen [&hellip;]<\/p>\n","protected":false},"featured_media":1932,"comment_status":"open","ping_status":"closed","template":"","meta":{"_eb_attr":""},"product_cat":[15,35],"product_tag":[],"class_list":{"0":"post-1927","1":"product","2":"type-product","3":"status-publish","4":"has-post-thumbnail","6":"product_cat-tous-les-bonbon","7":"product_cat-haribo","9":"first","10":"instock","11":"taxable","12":"shipping-taxable","13":"purchasable","14":"product-type-variable","15":"has-default-attributes"},"_links":{"self":[{"href":"https:\/\/vlnbonbon.fr\/index.php\/wp-json\/wp\/v2\/product\/1927","targetHints":{"allow":["GET"]}}],"collection":[{"href":"https:\/\/vlnbonbon.fr\/index.php\/wp-json\/wp\/v2\/product"}],"about":[{"href":"https:\/\/vlnbonbon.fr\/index.php\/wp-json\/wp\/v2\/types\/product"}],"replies":[{"embeddable":true,"href":"https:\/\/vlnbonbon.fr\/index.php\/wp-json\/wp\/v2\/comments?post=1927"}],"wp:featuredmedia":[{"embeddable":true,"href":"https:\/\/vlnbonbon.fr\/index.php\/wp-json\/wp\/v2\/media\/1932"}],"wp:attachment":[{"href":"https:\/\/vlnbonbon.fr\/index.php\/wp-json\/wp\/v2\/media?parent=1927"}],"wp:term":[{"taxonomy":"product_cat","embeddable":true,"href":"https:\/\/vlnbonbon.fr\/index.php\/wp-json\/wp\/v2\/product_cat?post=1927"},{"taxonomy":"product_tag","embeddable":true,"href":"https:\/\/vlnbonbon.fr\/index.php\/wp-json\/wp\/v2\/product_tag?post=1927"}],"curies":[{"name":"wp","href":"https:\/\/api.w.org\/{rel}","templated":true}]}}