{"id":1860,"date":"2024-02-04T21:25:10","date_gmt":"2024-02-04T20:25:10","guid":{"rendered":"https:\/\/vlnbonbon.fr\/?post_type=product&#038;p=1860"},"modified":"2024-02-05T13:15:58","modified_gmt":"2024-02-05T12:15:58","slug":"mini-cable-rouge","status":"publish","type":"product","link":"https:\/\/vlnbonbon.fr\/index.php\/produit\/mini-cable-rouge\/","title":{"rendered":"Mini cable rouge"},"content":{"rendered":"<p><strong>INGR\u00c9DIENTS :<\/strong><\/p>\n<p>Sucre, sirop de glucose-fructose, sirop de sucre inverti, farine de bl\u00e9 (contient du gluten), amidon de ma\u00efs, graisse de palme, humectant : glyc\u00e9rol acidifiant: acide citrique, acide malique f\u00e9cule de pommes de terre, g\u00e9latine, ar\u00f4me, huile v\u00e9g\u00e9tale, (coco palme). Correcteur d&rsquo;acidit\u00e9, citrates de potassium ; \u00e9mulsifiant : E471, sel, concentr\u00e9 v\u00e9g\u00e9tal, cassis, carottes, colorant E120.<\/p>\n<table id=\"product-attribute-specs-table\" class=\"data-table\">\n<colgroup>\n<col width=\"50%\" \/>\n<col \/><\/colgroup>\n<thead>\n<tr>\n<td>Valeurs nutritionnelles moyennes pour 100g<\/td>\n<td class=\"last\"><\/td>\n<\/tr>\n<\/thead>\n<tbody>\n<tr>\n<th class=\"label\">Valeur \u00e9nerg\u00e9tique (kJ)<\/th>\n<td class=\"data\">1612<\/td>\n<\/tr>\n<tr>\n<th class=\"label\">Valeur \u00e9nerg\u00e9tique (kcal)<\/th>\n<td class=\"data\">381<\/td>\n<\/tr>\n<tr>\n<th class=\"label\">Mati\u00e8res grasses (g)<\/th>\n<td class=\"data\">4.4<\/td>\n<\/tr>\n<tr>\n<th class=\"label\">Acides gras satur\u00e9s (g)<\/th>\n<td class=\"data\">2.4<\/td>\n<\/tr>\n<tr>\n<th class=\"label\">Glucides (g)<\/th>\n<td class=\"data\">83<\/td>\n<\/tr>\n<tr>\n<th class=\"label\">Sucres (g)<\/th>\n<td class=\"data\">64<\/td>\n<\/tr>\n<tr>\n<th class=\"label\">Prot\u00e9ines (g)<\/th>\n<td class=\"data\">1.5<\/td>\n<\/tr>\n<tr>\n<th class=\"label\">Sel (g)<\/th>\n<td class=\"data\">0.21<\/td>\n<\/tr>\n<\/tbody>\n<\/table>\n<p>&nbsp;<\/p>\n","protected":false},"excerpt":{"rendered":"<p>INGR\u00c9DIENTS : Sucre, sirop de glucose-fructose, sirop de sucre inverti, farine de bl\u00e9 (contient du gluten), amidon de ma\u00efs, graisse de palme, humectant : glyc\u00e9rol acidifiant: acide citrique, acide malique f\u00e9cule de pommes de terre, g\u00e9latine, ar\u00f4me, huile v\u00e9g\u00e9tale, (coco palme). Correcteur d&rsquo;acidit\u00e9, citrates de potassium ; \u00e9mulsifiant : E471, sel, concentr\u00e9 v\u00e9g\u00e9tal, cassis, carottes, [&hellip;]<\/p>\n","protected":false},"featured_media":1799,"comment_status":"open","ping_status":"closed","template":"","meta":{"_eb_attr":""},"product_cat":[15],"product_tag":[],"class_list":{"0":"post-1860","1":"product","2":"type-product","3":"status-publish","4":"has-post-thumbnail","6":"product_cat-tous-les-bonbon","8":"first","9":"instock","10":"taxable","11":"shipping-taxable","12":"purchasable","13":"product-type-variable","14":"has-default-attributes"},"_links":{"self":[{"href":"https:\/\/vlnbonbon.fr\/index.php\/wp-json\/wp\/v2\/product\/1860","targetHints":{"allow":["GET"]}}],"collection":[{"href":"https:\/\/vlnbonbon.fr\/index.php\/wp-json\/wp\/v2\/product"}],"about":[{"href":"https:\/\/vlnbonbon.fr\/index.php\/wp-json\/wp\/v2\/types\/product"}],"replies":[{"embeddable":true,"href":"https:\/\/vlnbonbon.fr\/index.php\/wp-json\/wp\/v2\/comments?post=1860"}],"wp:featuredmedia":[{"embeddable":true,"href":"https:\/\/vlnbonbon.fr\/index.php\/wp-json\/wp\/v2\/media\/1799"}],"wp:attachment":[{"href":"https:\/\/vlnbonbon.fr\/index.php\/wp-json\/wp\/v2\/media?parent=1860"}],"wp:term":[{"taxonomy":"product_cat","embeddable":true,"href":"https:\/\/vlnbonbon.fr\/index.php\/wp-json\/wp\/v2\/product_cat?post=1860"},{"taxonomy":"product_tag","embeddable":true,"href":"https:\/\/vlnbonbon.fr\/index.php\/wp-json\/wp\/v2\/product_tag?post=1860"}],"curies":[{"name":"wp","href":"https:\/\/api.w.org\/{rel}","templated":true}]}}