{"id":1855,"date":"2024-02-04T21:20:38","date_gmt":"2024-02-04T20:20:38","guid":{"rendered":"https:\/\/vlnbonbon.fr\/?post_type=product&#038;p=1855"},"modified":"2024-02-05T13:44:10","modified_gmt":"2024-02-05T12:44:10","slug":"souris-caramel","status":"publish","type":"product","link":"https:\/\/vlnbonbon.fr\/index.php\/produit\/souris-caramel\/","title":{"rendered":"Souris caramel"},"content":{"rendered":"<p><strong>INGR\u00c9DIENTS :<\/strong><\/p>\n<p>sucre; chocolat au LAIT 18% (sucre, beurre de cacao, p\u00e2te de cacao, LAIT en poudre, \u00e9mulsifiant l\u00e9cithines, ar\u00f4me naturel de vanille) LAIT concentr\u00e9 sucr\u00e9 LAIT entier, sucre) :sirop de glucose-fructose ;sirop de glucose ; graisse v\u00e9g\u00e9tale totalement hydrog\u00e9n\u00e9e de coprah; sel;ar\u00f4mes; \u00e9mulsifiant : mono-et diglyc\u00e9rides d&rsquo;acides gras.<\/p>\n<p>Conservation :A conserver au sec et au frais(18-20\u00b0C).<\/p>\n<table id=\"product-attribute-specs-table\" class=\"data-table\">\n<colgroup>\n<col width=\"50%\" \/>\n<col \/><\/colgroup>\n<thead>\n<tr>\n<td>Valeurs nutritionnelles moyennes pour 100g<\/td>\n<td class=\"last\"><\/td>\n<\/tr>\n<\/thead>\n<tbody>\n<tr>\n<th class=\"label\">Valeur \u00e9nerg\u00e9tique (kJ)<\/th>\n<td class=\"data\">1810<\/td>\n<\/tr>\n<tr>\n<th class=\"label\">Valeur \u00e9nerg\u00e9tique (kcal)<\/th>\n<td class=\"data\">430<\/td>\n<\/tr>\n<tr>\n<th class=\"label\">Mati\u00e8res grasses (g)<\/th>\n<td class=\"data\">13<\/td>\n<\/tr>\n<tr>\n<th class=\"label\">Acides gras satur\u00e9s (g)<\/th>\n<td class=\"data\">10<\/td>\n<\/tr>\n<tr>\n<th class=\"label\">Glucides (g)<\/th>\n<td class=\"data\">76<\/td>\n<\/tr>\n<tr>\n<th class=\"label\">Sucres (g)<\/th>\n<td class=\"data\">62<\/td>\n<\/tr>\n<tr>\n<th class=\"label\">Prot\u00e9ines (g)<\/th>\n<td class=\"data\">2.5<\/td>\n<\/tr>\n<tr>\n<th class=\"label\">Sel (g)<\/th>\n<td class=\"data\">0.94<\/td>\n<\/tr>\n<\/tbody>\n<\/table>\n<p>&nbsp;<\/p>\n","protected":false},"excerpt":{"rendered":"<p>INGR\u00c9DIENTS : sucre; chocolat au LAIT 18% (sucre, beurre de cacao, p\u00e2te de cacao, LAIT en poudre, \u00e9mulsifiant l\u00e9cithines, ar\u00f4me naturel de vanille) LAIT concentr\u00e9 sucr\u00e9 LAIT entier, sucre) :sirop de glucose-fructose ;sirop de glucose ; graisse v\u00e9g\u00e9tale totalement hydrog\u00e9n\u00e9e de coprah; sel;ar\u00f4mes; \u00e9mulsifiant : mono-et diglyc\u00e9rides d&rsquo;acides gras. Conservation :A conserver au sec et [&hellip;]<\/p>\n","protected":false},"featured_media":1994,"comment_status":"open","ping_status":"closed","template":"","meta":{"_eb_attr":""},"product_cat":[15,38],"product_tag":[],"class_list":{"0":"post-1855","1":"product","2":"type-product","3":"status-publish","4":"has-post-thumbnail","6":"product_cat-tous-les-bonbon","7":"product_cat-chocolat","9":"first","10":"instock","11":"taxable","12":"shipping-taxable","13":"purchasable","14":"product-type-variable","15":"has-default-attributes"},"_links":{"self":[{"href":"https:\/\/vlnbonbon.fr\/index.php\/wp-json\/wp\/v2\/product\/1855","targetHints":{"allow":["GET"]}}],"collection":[{"href":"https:\/\/vlnbonbon.fr\/index.php\/wp-json\/wp\/v2\/product"}],"about":[{"href":"https:\/\/vlnbonbon.fr\/index.php\/wp-json\/wp\/v2\/types\/product"}],"replies":[{"embeddable":true,"href":"https:\/\/vlnbonbon.fr\/index.php\/wp-json\/wp\/v2\/comments?post=1855"}],"wp:featuredmedia":[{"embeddable":true,"href":"https:\/\/vlnbonbon.fr\/index.php\/wp-json\/wp\/v2\/media\/1994"}],"wp:attachment":[{"href":"https:\/\/vlnbonbon.fr\/index.php\/wp-json\/wp\/v2\/media?parent=1855"}],"wp:term":[{"taxonomy":"product_cat","embeddable":true,"href":"https:\/\/vlnbonbon.fr\/index.php\/wp-json\/wp\/v2\/product_cat?post=1855"},{"taxonomy":"product_tag","embeddable":true,"href":"https:\/\/vlnbonbon.fr\/index.php\/wp-json\/wp\/v2\/product_tag?post=1855"}],"curies":[{"name":"wp","href":"https:\/\/api.w.org\/{rel}","templated":true}]}}