{"id":1753,"date":"2024-02-04T18:38:41","date_gmt":"2024-02-04T17:38:41","guid":{"rendered":"https:\/\/vlnbonbon.fr\/?post_type=product&#038;p=1753"},"modified":"2026-01-27T15:51:38","modified_gmt":"2026-01-27T14:51:38","slug":"schtroumpf-dur","status":"publish","type":"product","link":"https:\/\/vlnbonbon.fr\/index.php\/produit\/schtroumpf-dur\/","title":{"rendered":"Schtroumpf dur"},"content":{"rendered":"<p><strong>INGR\u00c9DIENTS :<\/strong><\/p>\n<p>Sirop de glucose; sucre; amidon; acidifiant: acide citrique; huile de tournesol; agent d&rsquo;enrobage: cire d&rsquo;abeille blanche et jaune; concentr\u00e9s de fruits et de plantes: carthame, orange, baie de sureau, cassis, citron, aronie, raisin; ar\u00f4me; extrait de baie de sureau; colorant: indigotine. Tenir \u00e0 l&rsquo;abri de la chaleur et de l&rsquo;humidit\u00e9.<\/p>\n<table id=\"product-attribute-specs-table\" class=\"data-table\">\n<colgroup>\n<col width=\"50%\" \/>\n<col \/><\/colgroup>\n<thead>\n<tr>\n<td>Valeurs nutritionnelles moyennes pour 100g<\/td>\n<td class=\"last\"><\/td>\n<\/tr>\n<\/thead>\n<tbody>\n<tr>\n<th class=\"label\">Valeur \u00e9nerg\u00e9tique (kJ)<\/th>\n<td class=\"data\">1421<\/td>\n<\/tr>\n<tr>\n<th class=\"label\">Valeur \u00e9nerg\u00e9tique (kcal)<\/th>\n<td class=\"data\">334<\/td>\n<\/tr>\n<tr>\n<th class=\"label\">Mati\u00e8res grasses (g)<\/th>\n<td class=\"data\">0.5<\/td>\n<\/tr>\n<tr>\n<th class=\"label\">Acides gras satur\u00e9s (g)<\/th>\n<td class=\"data\">0.1<\/td>\n<\/tr>\n<tr>\n<th class=\"label\">Glucides (g)<\/th>\n<td class=\"data\">82<\/td>\n<\/tr>\n<tr>\n<th class=\"label\">Sucres (g)<\/th>\n<td class=\"data\">42<\/td>\n<\/tr>\n<tr>\n<th class=\"label\">Prot\u00e9ines (g)<\/th>\n<td class=\"data\">0.5<\/td>\n<\/tr>\n<tr>\n<th class=\"label\">Sel (g)<\/th>\n<td class=\"data\">0.01<\/td>\n<\/tr>\n<\/tbody>\n<\/table>\n","protected":false},"excerpt":{"rendered":"<p>INGR\u00c9DIENTS : Sirop de glucose; sucre; amidon; acidifiant: acide citrique; huile de tournesol; agent d&rsquo;enrobage: cire d&rsquo;abeille blanche et jaune; concentr\u00e9s de fruits et de plantes: carthame, orange, baie de sureau, cassis, citron, aronie, raisin; ar\u00f4me; extrait de baie de sureau; colorant: indigotine. Tenir \u00e0 l&rsquo;abri de la chaleur et de l&rsquo;humidit\u00e9. Valeurs nutritionnelles moyennes [&hellip;]<\/p>\n","protected":false},"featured_media":1758,"comment_status":"open","ping_status":"closed","template":"","meta":{"_eb_attr":""},"product_cat":[15,35],"product_tag":[],"class_list":{"0":"post-1753","1":"product","2":"type-product","3":"status-publish","4":"has-post-thumbnail","6":"product_cat-tous-les-bonbon","7":"product_cat-haribo","9":"first","10":"instock","11":"taxable","12":"shipping-taxable","13":"purchasable","14":"product-type-variable","15":"has-default-attributes"},"_links":{"self":[{"href":"https:\/\/vlnbonbon.fr\/index.php\/wp-json\/wp\/v2\/product\/1753","targetHints":{"allow":["GET"]}}],"collection":[{"href":"https:\/\/vlnbonbon.fr\/index.php\/wp-json\/wp\/v2\/product"}],"about":[{"href":"https:\/\/vlnbonbon.fr\/index.php\/wp-json\/wp\/v2\/types\/product"}],"replies":[{"embeddable":true,"href":"https:\/\/vlnbonbon.fr\/index.php\/wp-json\/wp\/v2\/comments?post=1753"}],"wp:featuredmedia":[{"embeddable":true,"href":"https:\/\/vlnbonbon.fr\/index.php\/wp-json\/wp\/v2\/media\/1758"}],"wp:attachment":[{"href":"https:\/\/vlnbonbon.fr\/index.php\/wp-json\/wp\/v2\/media?parent=1753"}],"wp:term":[{"taxonomy":"product_cat","embeddable":true,"href":"https:\/\/vlnbonbon.fr\/index.php\/wp-json\/wp\/v2\/product_cat?post=1753"},{"taxonomy":"product_tag","embeddable":true,"href":"https:\/\/vlnbonbon.fr\/index.php\/wp-json\/wp\/v2\/product_tag?post=1753"}],"curies":[{"name":"wp","href":"https:\/\/api.w.org\/{rel}","templated":true}]}}