{"id":1707,"date":"2024-02-01T19:16:43","date_gmt":"2024-02-01T18:16:43","guid":{"rendered":"https:\/\/vlnbonbon.fr\/?post_type=product&#038;p=1707"},"modified":"2025-12-11T19:50:06","modified_gmt":"2025-12-11T18:50:06","slug":"love-pik","status":"publish","type":"product","link":"https:\/\/vlnbonbon.fr\/index.php\/produit\/love-pik\/","title":{"rendered":"Love pik"},"content":{"rendered":"<p><strong>INGR\u00c9DIENTS :<\/strong><\/p>\n<p>sirop de glucose; sucre; g\u00e9latine; dextrose; acidifiants: acide citrique, acide malique; agent d&rsquo;enrobage: cire de carnauba; correcteurs d&rsquo;acidit\u00e9: citrate tricalcique, malate acide de sodium; ar\u00f4me; concentr\u00e9s de fruits et de plantes: citron, carthame, patate douce, cerise, pomme, radis, spiruline; sirop de sucre inverti; colorants: carmins, bleu patent\u00e9 V, carot\u00e8nes v\u00e9g\u00e9taux, lut\u00e9ine, anthocyanes. Tenir \u00e0 l&rsquo;abri de la chaleur et de l&rsquo;humidit\u00e9.<\/p>\n<table id=\"product-attribute-specs-table\" class=\"data-table\">\n<colgroup>\n<col width=\"50%\" \/>\n<col \/><\/colgroup>\n<thead>\n<tr>\n<td>Valeurs nutritionnelles moyennes pour 100g<\/td>\n<td class=\"last\"><\/td>\n<\/tr>\n<\/thead>\n<tbody>\n<tr>\n<th class=\"label\">Valeur \u00e9nerg\u00e9tique (kJ)<\/th>\n<td class=\"data\">1454<\/td>\n<\/tr>\n<tr>\n<th class=\"label\">Valeur \u00e9nerg\u00e9tique (kcal)<\/th>\n<td class=\"data\">342<\/td>\n<\/tr>\n<tr>\n<th class=\"label\">Mati\u00e8res grasses (g)<\/th>\n<td class=\"data\">0,5<\/td>\n<\/tr>\n<tr>\n<th class=\"label\">Acides gras satur\u00e9s (g)<\/th>\n<td class=\"data\">0,1<\/td>\n<\/tr>\n<tr>\n<th class=\"label\">Glucides (g)<\/th>\n<td class=\"data\">83<\/td>\n<\/tr>\n<tr>\n<th class=\"label\">Sucres (g)<\/th>\n<td class=\"data\">56<\/td>\n<\/tr>\n<tr>\n<th class=\"label\">Prot\u00e9ines (g)<\/th>\n<td class=\"data\">3,6<\/td>\n<\/tr>\n<tr>\n<th class=\"label\">Sel (g)<\/th>\n<td class=\"data\">0,33<\/td>\n<\/tr>\n<\/tbody>\n<\/table>\n","protected":false},"excerpt":{"rendered":"<p>INGR\u00c9DIENTS : sirop de glucose; sucre; g\u00e9latine; dextrose; acidifiants: acide citrique, acide malique; agent d&rsquo;enrobage: cire de carnauba; correcteurs d&rsquo;acidit\u00e9: citrate tricalcique, malate acide de sodium; ar\u00f4me; concentr\u00e9s de fruits et de plantes: citron, carthame, patate douce, cerise, pomme, radis, spiruline; sirop de sucre inverti; colorants: carmins, bleu patent\u00e9 V, carot\u00e8nes v\u00e9g\u00e9taux, lut\u00e9ine, anthocyanes. Tenir [&hellip;]<\/p>\n","protected":false},"featured_media":1816,"comment_status":"open","ping_status":"closed","template":"","meta":{"_eb_attr":""},"product_cat":[15,35],"product_tag":[],"class_list":{"0":"post-1707","1":"product","2":"type-product","3":"status-publish","4":"has-post-thumbnail","6":"product_cat-tous-les-bonbon","7":"product_cat-haribo","9":"first","10":"instock","11":"taxable","12":"shipping-taxable","13":"purchasable","14":"product-type-variable","15":"has-default-attributes"},"_links":{"self":[{"href":"https:\/\/vlnbonbon.fr\/index.php\/wp-json\/wp\/v2\/product\/1707","targetHints":{"allow":["GET"]}}],"collection":[{"href":"https:\/\/vlnbonbon.fr\/index.php\/wp-json\/wp\/v2\/product"}],"about":[{"href":"https:\/\/vlnbonbon.fr\/index.php\/wp-json\/wp\/v2\/types\/product"}],"replies":[{"embeddable":true,"href":"https:\/\/vlnbonbon.fr\/index.php\/wp-json\/wp\/v2\/comments?post=1707"}],"wp:featuredmedia":[{"embeddable":true,"href":"https:\/\/vlnbonbon.fr\/index.php\/wp-json\/wp\/v2\/media\/1816"}],"wp:attachment":[{"href":"https:\/\/vlnbonbon.fr\/index.php\/wp-json\/wp\/v2\/media?parent=1707"}],"wp:term":[{"taxonomy":"product_cat","embeddable":true,"href":"https:\/\/vlnbonbon.fr\/index.php\/wp-json\/wp\/v2\/product_cat?post=1707"},{"taxonomy":"product_tag","embeddable":true,"href":"https:\/\/vlnbonbon.fr\/index.php\/wp-json\/wp\/v2\/product_tag?post=1707"}],"curies":[{"name":"wp","href":"https:\/\/api.w.org\/{rel}","templated":true}]}}