{"id":1294,"date":"2024-01-27T14:25:49","date_gmt":"2024-01-27T13:25:49","guid":{"rendered":"http:\/\/vlnbonbon.fr\/?post_type=product&#038;p=1294"},"modified":"2024-02-05T13:19:11","modified_gmt":"2024-02-05T12:19:11","slug":"schtroumpfs-acidule","status":"publish","type":"product","link":"https:\/\/vlnbonbon.fr\/index.php\/produit\/schtroumpfs-acidule\/","title":{"rendered":"Schtroumpf acidul\u00e9"},"content":{"rendered":"<p><strong>INGR\u00c9DIENTS :<\/strong><\/p>\n<p>sirop de glucose; sucre; g\u00e9latine; dextrose; acidifiant: acide citrique, acide mallique; correcteur d acidit\u00e9: citrate tricalcique, malate acide de sodium; ar\u00f4me; colorants: carmins, bleu patent\u00e9 V, lut\u00e9ine; agents d&rsquo;enrobage: cire d&rsquo;abeille blanche et jaune, cire de carnauba. Tenir \u00e0 l&rsquo;abri de la chaleur et de l&rsquo;humidit\u00e9.<\/p>\n<table id=\"product-attribute-specs-table\" class=\"data-table\">\n<colgroup>\n<col width=\"50%\" \/>\n<col \/><\/colgroup>\n<thead>\n<tr>\n<td>Valeurs nutritionnelles moyennes pour 100g<\/td>\n<td class=\"last\"><\/td>\n<\/tr>\n<\/thead>\n<tbody>\n<tr>\n<th class=\"label\">Valeur \u00e9nerg\u00e9tique (kJ)<\/th>\n<td class=\"data\">1504<\/td>\n<\/tr>\n<tr>\n<th class=\"label\">Valeur \u00e9nerg\u00e9tique (kcal)<\/th>\n<td class=\"data\">352<\/td>\n<\/tr>\n<tr>\n<th class=\"label\">Mati\u00e8res grasses (g)<\/th>\n<td class=\"data\">0.5<\/td>\n<\/tr>\n<tr>\n<th class=\"label\">Acides gras satur\u00e9s (g)<\/th>\n<td class=\"data\">0.1<\/td>\n<\/tr>\n<tr>\n<th class=\"label\">Glucides (g)<\/th>\n<td class=\"data\">81<\/td>\n<\/tr>\n<tr>\n<th class=\"label\">Sucres (g)<\/th>\n<td class=\"data\">51<\/td>\n<\/tr>\n<tr>\n<th class=\"label\">Prot\u00e9ines (g)<\/th>\n<td class=\"data\">6.0<\/td>\n<\/tr>\n<tr>\n<th class=\"label\">Sel (g)<\/th>\n<td class=\"data\">0.17<\/td>\n<\/tr>\n<\/tbody>\n<\/table>\n","protected":false},"excerpt":{"rendered":"<p>INGR\u00c9DIENTS : sirop de glucose; sucre; g\u00e9latine; dextrose; acidifiant: acide citrique, acide mallique; correcteur d acidit\u00e9: citrate tricalcique, malate acide de sodium; ar\u00f4me; colorants: carmins, bleu patent\u00e9 V, lut\u00e9ine; agents d&rsquo;enrobage: cire d&rsquo;abeille blanche et jaune, cire de carnauba. Tenir \u00e0 l&rsquo;abri de la chaleur et de l&rsquo;humidit\u00e9. Valeurs nutritionnelles moyennes pour 100g Valeur \u00e9nerg\u00e9tique [&hellip;]<\/p>\n","protected":false},"featured_media":1299,"comment_status":"open","ping_status":"closed","template":"","meta":{"_eb_attr":""},"product_cat":[15,35],"product_tag":[],"class_list":{"0":"post-1294","1":"product","2":"type-product","3":"status-publish","4":"has-post-thumbnail","6":"product_cat-tous-les-bonbon","7":"product_cat-haribo","9":"first","10":"instock","11":"taxable","12":"shipping-taxable","13":"purchasable","14":"product-type-variable","15":"has-default-attributes"},"_links":{"self":[{"href":"https:\/\/vlnbonbon.fr\/index.php\/wp-json\/wp\/v2\/product\/1294","targetHints":{"allow":["GET"]}}],"collection":[{"href":"https:\/\/vlnbonbon.fr\/index.php\/wp-json\/wp\/v2\/product"}],"about":[{"href":"https:\/\/vlnbonbon.fr\/index.php\/wp-json\/wp\/v2\/types\/product"}],"replies":[{"embeddable":true,"href":"https:\/\/vlnbonbon.fr\/index.php\/wp-json\/wp\/v2\/comments?post=1294"}],"wp:featuredmedia":[{"embeddable":true,"href":"https:\/\/vlnbonbon.fr\/index.php\/wp-json\/wp\/v2\/media\/1299"}],"wp:attachment":[{"href":"https:\/\/vlnbonbon.fr\/index.php\/wp-json\/wp\/v2\/media?parent=1294"}],"wp:term":[{"taxonomy":"product_cat","embeddable":true,"href":"https:\/\/vlnbonbon.fr\/index.php\/wp-json\/wp\/v2\/product_cat?post=1294"},{"taxonomy":"product_tag","embeddable":true,"href":"https:\/\/vlnbonbon.fr\/index.php\/wp-json\/wp\/v2\/product_tag?post=1294"}],"curies":[{"name":"wp","href":"https:\/\/api.w.org\/{rel}","templated":true}]}}