{"id":1270,"date":"2024-01-27T14:11:41","date_gmt":"2024-01-27T13:11:41","guid":{"rendered":"http:\/\/vlnbonbon.fr\/?post_type=product&#038;p=1270"},"modified":"2024-02-05T13:19:36","modified_gmt":"2024-02-05T12:19:36","slug":"reglisse-anglaise","status":"publish","type":"product","link":"https:\/\/vlnbonbon.fr\/index.php\/produit\/reglisse-anglaise\/","title":{"rendered":"R\u00e9glisse anglaise"},"content":{"rendered":"<p><strong>INGR\u00c9DIENTS :<\/strong><\/p>\n<p>sucre; sirop de glucose; farine de\u00a0<strong>FROMENT<\/strong>; m\u00e9lasse de sucre de canne, noix de coco, eau, g\u00e9latine, amidon de BLE, extrait de r\u00e9glisse, ar\u00f4mes, cacao en poudre, \u00e9mulsifiant (mono et diglyc\u00e9rides d&rsquo;acides gras); concentr\u00e9 de fruits et plante (carthame);\u00a0 colorants: extrait de paprika, rouge de betterave); huile v\u00e9g\u00e9tale (noix de coco); agents d&rsquo;enrobage: cire d&rsquo;abeille blanche et jaune. Tenir \u00e0 l&rsquo;abri de la chaleur et de l&rsquo;humidit\u00e9.<\/p>\n<table id=\"product-attribute-specs-table\" class=\"data-table\">\n<colgroup>\n<col width=\"50%\" \/>\n<col \/><\/colgroup>\n<thead>\n<tr>\n<td>Valeurs nutritionnelles moyennes pour 100g<\/td>\n<td class=\"last\"><\/td>\n<\/tr>\n<\/thead>\n<tbody>\n<tr>\n<th class=\"label\">Valeur \u00e9nerg\u00e9tique (kJ)<\/th>\n<td class=\"data\">1586<\/td>\n<\/tr>\n<tr>\n<th class=\"label\">Valeur \u00e9nerg\u00e9tique (kcal)<\/th>\n<td class=\"data\">375<\/td>\n<\/tr>\n<tr>\n<th class=\"label\">Mati\u00e8res grasses (g)<\/th>\n<td class=\"data\">4.5<\/td>\n<\/tr>\n<tr>\n<th class=\"label\">Acides gras satur\u00e9s (g)<\/th>\n<td class=\"data\">3.9<\/td>\n<\/tr>\n<tr>\n<th class=\"label\">Glucides (g)<\/th>\n<td class=\"data\">81<\/td>\n<\/tr>\n<tr>\n<th class=\"label\">Sucres (g)<\/th>\n<td class=\"data\">64<\/td>\n<\/tr>\n<tr>\n<th class=\"label\">Prot\u00e9ines (g)<\/th>\n<td class=\"data\">2.5<\/td>\n<\/tr>\n<tr>\n<th class=\"label\">Sel (g)<\/th>\n<td class=\"data\">0.1<\/td>\n<\/tr>\n<\/tbody>\n<\/table>\n","protected":false},"excerpt":{"rendered":"<p>INGR\u00c9DIENTS : sucre; sirop de glucose; farine de\u00a0FROMENT; m\u00e9lasse de sucre de canne, noix de coco, eau, g\u00e9latine, amidon de BLE, extrait de r\u00e9glisse, ar\u00f4mes, cacao en poudre, \u00e9mulsifiant (mono et diglyc\u00e9rides d&rsquo;acides gras); concentr\u00e9 de fruits et plante (carthame);\u00a0 colorants: extrait de paprika, rouge de betterave); huile v\u00e9g\u00e9tale (noix de coco); agents d&rsquo;enrobage: cire [&hellip;]<\/p>\n","protected":false},"featured_media":1275,"comment_status":"open","ping_status":"closed","template":"","meta":{"_eb_attr":""},"product_cat":[15,36],"product_tag":[],"class_list":{"0":"post-1270","1":"product","2":"type-product","3":"status-publish","4":"has-post-thumbnail","6":"product_cat-tous-les-bonbon","7":"product_cat-zan","9":"first","10":"instock","11":"taxable","12":"shipping-taxable","13":"purchasable","14":"product-type-variable","15":"has-default-attributes"},"_links":{"self":[{"href":"https:\/\/vlnbonbon.fr\/index.php\/wp-json\/wp\/v2\/product\/1270","targetHints":{"allow":["GET"]}}],"collection":[{"href":"https:\/\/vlnbonbon.fr\/index.php\/wp-json\/wp\/v2\/product"}],"about":[{"href":"https:\/\/vlnbonbon.fr\/index.php\/wp-json\/wp\/v2\/types\/product"}],"replies":[{"embeddable":true,"href":"https:\/\/vlnbonbon.fr\/index.php\/wp-json\/wp\/v2\/comments?post=1270"}],"wp:featuredmedia":[{"embeddable":true,"href":"https:\/\/vlnbonbon.fr\/index.php\/wp-json\/wp\/v2\/media\/1275"}],"wp:attachment":[{"href":"https:\/\/vlnbonbon.fr\/index.php\/wp-json\/wp\/v2\/media?parent=1270"}],"wp:term":[{"taxonomy":"product_cat","embeddable":true,"href":"https:\/\/vlnbonbon.fr\/index.php\/wp-json\/wp\/v2\/product_cat?post=1270"},{"taxonomy":"product_tag","embeddable":true,"href":"https:\/\/vlnbonbon.fr\/index.php\/wp-json\/wp\/v2\/product_tag?post=1270"}],"curies":[{"name":"wp","href":"https:\/\/api.w.org\/{rel}","templated":true}]}}