{"id":1258,"date":"2024-01-27T14:04:46","date_gmt":"2024-01-27T13:04:46","guid":{"rendered":"http:\/\/vlnbonbon.fr\/?post_type=product&#038;p=1258"},"modified":"2024-09-20T15:39:10","modified_gmt":"2024-09-20T13:39:10","slug":"mure-noir-rouge","status":"publish","type":"product","link":"https:\/\/vlnbonbon.fr\/index.php\/produit\/mure-noir-rouge\/","title":{"rendered":"M\u00fbre noir &#038; rouge"},"content":{"rendered":"<p><strong>INGR\u00c9DIENTS :<\/strong><\/p>\n<p>sucre, sirop de glucose, eau, g\u00e9lifiant : g\u00e9latine, dextrose, acidifiant : E330, g\u00e9lifiant : pectine, acidifiant : E270, correcteur d&rsquo;acidit\u00e9 : E325, ar\u00f4mes, colorants : E122*, E124*, E129*, E153, E162, E122, E124.<br \/>\n* : peut avoir des effets ind\u00e9sirables sur l&rsquo;activit\u00e9 et l&rsquo;attention chez les enfants.<\/p>\n<table id=\"product-attribute-specs-table\" class=\"data-table\">\n<colgroup>\n<col width=\"50%\" \/>\n<col \/><\/colgroup>\n<thead>\n<tr>\n<td>Valeurs nutritionnelles moyennes pour 100g<\/td>\n<td class=\"last\"><\/td>\n<\/tr>\n<\/thead>\n<tbody>\n<tr>\n<th class=\"label\">Valeur \u00e9nerg\u00e9tique (kJ)<\/th>\n<td class=\"data\">1420<\/td>\n<\/tr>\n<tr>\n<th class=\"label\">Valeur \u00e9nerg\u00e9tique (kcal)<\/th>\n<td class=\"data\">334<\/td>\n<\/tr>\n<tr>\n<th class=\"label\">Mati\u00e8res grasses (g)<\/th>\n<td class=\"data\">0<\/td>\n<\/tr>\n<tr>\n<th class=\"label\">Acides gras satur\u00e9s (g)<\/th>\n<td class=\"data\">0<\/td>\n<\/tr>\n<tr>\n<th class=\"label\">Glucides (g)<\/th>\n<td class=\"data\">80<\/td>\n<\/tr>\n<tr>\n<th class=\"label\">Sucres (g)<\/th>\n<td class=\"data\">69<\/td>\n<\/tr>\n<tr>\n<th class=\"label\">Prot\u00e9ines (g)<\/th>\n<td class=\"data\">3.1<\/td>\n<\/tr>\n<tr>\n<th class=\"label\">Sel (g)<\/th>\n<td class=\"data\">0.1<\/td>\n<\/tr>\n<\/tbody>\n<\/table>\n","protected":false},"excerpt":{"rendered":"<p>INGR\u00c9DIENTS : sucre, sirop de glucose, eau, g\u00e9lifiant : g\u00e9latine, dextrose, acidifiant : E330, g\u00e9lifiant : pectine, acidifiant : E270, correcteur d&rsquo;acidit\u00e9 : E325, ar\u00f4mes, colorants : E122*, E124*, E129*, E153, E162, E122, E124. * : peut avoir des effets ind\u00e9sirables sur l&rsquo;activit\u00e9 et l&rsquo;attention chez les enfants. Valeurs nutritionnelles moyennes pour 100g Valeur \u00e9nerg\u00e9tique [&hellip;]<\/p>\n","protected":false},"featured_media":1806,"comment_status":"open","ping_status":"closed","template":"","meta":{"_eb_attr":""},"product_cat":[15,35],"product_tag":[],"class_list":{"0":"post-1258","1":"product","2":"type-product","3":"status-publish","4":"has-post-thumbnail","6":"product_cat-tous-les-bonbon","7":"product_cat-haribo","9":"first","10":"instock","11":"taxable","12":"shipping-taxable","13":"purchasable","14":"product-type-variable","15":"has-default-attributes"},"_links":{"self":[{"href":"https:\/\/vlnbonbon.fr\/index.php\/wp-json\/wp\/v2\/product\/1258","targetHints":{"allow":["GET"]}}],"collection":[{"href":"https:\/\/vlnbonbon.fr\/index.php\/wp-json\/wp\/v2\/product"}],"about":[{"href":"https:\/\/vlnbonbon.fr\/index.php\/wp-json\/wp\/v2\/types\/product"}],"replies":[{"embeddable":true,"href":"https:\/\/vlnbonbon.fr\/index.php\/wp-json\/wp\/v2\/comments?post=1258"}],"wp:featuredmedia":[{"embeddable":true,"href":"https:\/\/vlnbonbon.fr\/index.php\/wp-json\/wp\/v2\/media\/1806"}],"wp:attachment":[{"href":"https:\/\/vlnbonbon.fr\/index.php\/wp-json\/wp\/v2\/media?parent=1258"}],"wp:term":[{"taxonomy":"product_cat","embeddable":true,"href":"https:\/\/vlnbonbon.fr\/index.php\/wp-json\/wp\/v2\/product_cat?post=1258"},{"taxonomy":"product_tag","embeddable":true,"href":"https:\/\/vlnbonbon.fr\/index.php\/wp-json\/wp\/v2\/product_tag?post=1258"}],"curies":[{"name":"wp","href":"https:\/\/api.w.org\/{rel}","templated":true}]}}