{"id":1244,"date":"2024-01-27T13:50:46","date_gmt":"2024-01-27T12:50:46","guid":{"rendered":"http:\/\/vlnbonbon.fr\/?post_type=product&#038;p=1244"},"modified":"2024-02-05T13:20:19","modified_gmt":"2024-02-05T12:20:19","slug":"pico-balla","status":"publish","type":"product","link":"https:\/\/vlnbonbon.fr\/index.php\/produit\/pico-balla\/","title":{"rendered":"Pico balla"},"content":{"rendered":"<p><strong>INGR\u00c9DIENTS :<\/strong><\/p>\n<p>Sucre, farine de <strong>bl\u00e9<\/strong>, sirop de glucose &#8211; fructose, amidon de\u00a0<strong>bl\u00e9<\/strong>, graisse v\u00e9g\u00e9tale, dextrose, \u00e9mulsifiant, mono et di-glyc\u00e9rides d\u2019acides gras, concentr\u00e9s de fruits et de plantes (radis, cassis, pomme, baie de sureau, aronie, raisin, spiruline), extraits de fruits et de plantes (baie de sureau), g\u00e9latine, acidifiant : acide citrique, ar\u00f4mes, colorants : curcumine, complexes cuivre-chlorophylles et chlorophyllines, agents d\u2019enrobage : cire d\u2019abeilles, cire de carnauba.<\/p>\n<table id=\"product-attribute-specs-table\" class=\"data-table\">\n<colgroup>\n<col width=\"50%\" \/>\n<col \/><\/colgroup>\n<thead>\n<tr>\n<td>Valeurs nutritionnelles moyennes pour 100g<\/td>\n<td class=\"last\"><\/td>\n<\/tr>\n<\/thead>\n<tbody>\n<tr>\n<th class=\"label\">Valeur \u00e9nerg\u00e9tique (kJ)<\/th>\n<td class=\"data\">1617<\/td>\n<\/tr>\n<tr>\n<th class=\"label\">Valeur \u00e9nerg\u00e9tique (kcal)<\/th>\n<td class=\"data\">382<\/td>\n<\/tr>\n<tr>\n<th class=\"label\">Mati\u00e8res grasses (g)<\/th>\n<td class=\"data\">5<\/td>\n<\/tr>\n<tr>\n<th class=\"label\">Acides gras satur\u00e9s (g)<\/th>\n<td class=\"data\">3,4<\/td>\n<\/tr>\n<tr>\n<th class=\"label\">Glucides (g)<\/th>\n<td class=\"data\">81<\/td>\n<\/tr>\n<tr>\n<th class=\"label\">Sucres (g)<\/th>\n<td class=\"data\">61<\/td>\n<\/tr>\n<tr>\n<th class=\"label\">Prot\u00e9ines (g)<\/th>\n<td class=\"data\">2,6<\/td>\n<\/tr>\n<tr>\n<th class=\"label\">Sel (g)<\/th>\n<td class=\"data\">&lt;0,01<\/td>\n<\/tr>\n<\/tbody>\n<\/table>\n","protected":false},"excerpt":{"rendered":"<p>INGR\u00c9DIENTS : Sucre, farine de bl\u00e9, sirop de glucose &#8211; fructose, amidon de\u00a0bl\u00e9, graisse v\u00e9g\u00e9tale, dextrose, \u00e9mulsifiant, mono et di-glyc\u00e9rides d\u2019acides gras, concentr\u00e9s de fruits et de plantes (radis, cassis, pomme, baie de sureau, aronie, raisin, spiruline), extraits de fruits et de plantes (baie de sureau), g\u00e9latine, acidifiant : acide citrique, ar\u00f4mes, colorants : curcumine, [&hellip;]<\/p>\n","protected":false},"featured_media":1818,"comment_status":"open","ping_status":"closed","template":"","meta":{"_eb_attr":""},"product_cat":[15,35,26],"product_tag":[],"class_list":{"0":"post-1244","1":"product","2":"type-product","3":"status-publish","4":"has-post-thumbnail","6":"product_cat-tous-les-bonbon","7":"product_cat-haribo","8":"product_cat-vegan","10":"first","11":"instock","12":"taxable","13":"shipping-taxable","14":"purchasable","15":"product-type-variable","16":"has-default-attributes"},"_links":{"self":[{"href":"https:\/\/vlnbonbon.fr\/index.php\/wp-json\/wp\/v2\/product\/1244","targetHints":{"allow":["GET"]}}],"collection":[{"href":"https:\/\/vlnbonbon.fr\/index.php\/wp-json\/wp\/v2\/product"}],"about":[{"href":"https:\/\/vlnbonbon.fr\/index.php\/wp-json\/wp\/v2\/types\/product"}],"replies":[{"embeddable":true,"href":"https:\/\/vlnbonbon.fr\/index.php\/wp-json\/wp\/v2\/comments?post=1244"}],"wp:featuredmedia":[{"embeddable":true,"href":"https:\/\/vlnbonbon.fr\/index.php\/wp-json\/wp\/v2\/media\/1818"}],"wp:attachment":[{"href":"https:\/\/vlnbonbon.fr\/index.php\/wp-json\/wp\/v2\/media?parent=1244"}],"wp:term":[{"taxonomy":"product_cat","embeddable":true,"href":"https:\/\/vlnbonbon.fr\/index.php\/wp-json\/wp\/v2\/product_cat?post=1244"},{"taxonomy":"product_tag","embeddable":true,"href":"https:\/\/vlnbonbon.fr\/index.php\/wp-json\/wp\/v2\/product_tag?post=1244"}],"curies":[{"name":"wp","href":"https:\/\/api.w.org\/{rel}","templated":true}]}}