{"id":1207,"date":"2024-01-26T22:21:36","date_gmt":"2024-01-26T21:21:36","guid":{"rendered":"http:\/\/vlnbonbon.fr\/?post_type=product&#038;p=1207"},"modified":"2024-10-15T14:33:09","modified_gmt":"2024-10-15T12:33:09","slug":"rotella-fruits","status":"publish","type":"product","link":"https:\/\/vlnbonbon.fr\/index.php\/produit\/rotella-fruits\/","title":{"rendered":"Rotella Fruits"},"content":{"rendered":"<p><strong>INGR\u00c9DIENTS :<\/strong><\/p>\n<p>Sirop de glucose, amidon, sucre, humectant, sirop de sorbitol, acidifiant (acide citrique), \u00e9mulsifiant (mono-et diglyc\u00e9rides d &lsquo;acides gras), colorants (curcumine, complexes cuivriques dev chlorophylines), farine de <strong>bl\u00e9<\/strong>, ar\u00f4me, extrait de baie de sureau, agents d &lsquo;enrobages (cire d&rsquo;abeille blanche et jaune, cire de carnauba), concentr\u00e9s de fruits et de plantes (cassis, baie de sureau, aronie, raisin)<\/p>\n<table id=\"product-attribute-specs-table\" class=\"data-table\">\n<colgroup>\n<col width=\"50%\" \/>\n<col \/><\/colgroup>\n<thead>\n<tr>\n<td>Valeurs nutritionnelles moyennes pour 100g<\/td>\n<td class=\"last\"><\/td>\n<\/tr>\n<\/thead>\n<tbody>\n<tr>\n<th class=\"label\">Valeur \u00e9nerg\u00e9tique (kJ)<\/th>\n<td class=\"data\">1379<\/td>\n<\/tr>\n<tr>\n<th class=\"label\">Valeur \u00e9nerg\u00e9tique (kcal)<\/th>\n<td class=\"data\">325<\/td>\n<\/tr>\n<tr>\n<th class=\"label\">Mati\u00e8res grasses (g)<\/th>\n<td class=\"data\">1,6<\/td>\n<\/tr>\n<tr>\n<th class=\"label\">Acides gras satur\u00e9s (g)<\/th>\n<td class=\"data\">1,6<\/td>\n<\/tr>\n<tr>\n<th class=\"label\">Glucides (g)<\/th>\n<td class=\"data\">78<\/td>\n<\/tr>\n<tr>\n<th class=\"label\">Sucres (g)<\/th>\n<td class=\"data\">41<\/td>\n<\/tr>\n<tr>\n<th class=\"label\">Prot\u00e9ines (g)<\/th>\n<td class=\"data\">&lt;0,5<\/td>\n<\/tr>\n<tr>\n<th class=\"label\">Sel (g)<\/th>\n<td class=\"data\">0.03<\/td>\n<\/tr>\n<\/tbody>\n<\/table>\n","protected":false},"excerpt":{"rendered":"<p>INGR\u00c9DIENTS : Sirop de glucose, amidon, sucre, humectant, sirop de sorbitol, acidifiant (acide citrique), \u00e9mulsifiant (mono-et diglyc\u00e9rides d &lsquo;acides gras), colorants (curcumine, complexes cuivriques dev chlorophylines), farine de bl\u00e9, ar\u00f4me, extrait de baie de sureau, agents d &lsquo;enrobages (cire d&rsquo;abeille blanche et jaune, cire de carnauba), concentr\u00e9s de fruits et de plantes (cassis, baie de [&hellip;]<\/p>\n","protected":false},"featured_media":1780,"comment_status":"open","ping_status":"closed","template":"","meta":{"_eb_attr":""},"product_cat":[15,35],"product_tag":[],"class_list":{"0":"post-1207","1":"product","2":"type-product","3":"status-publish","4":"has-post-thumbnail","6":"product_cat-tous-les-bonbon","7":"product_cat-haribo","9":"first","10":"instock","11":"taxable","12":"shipping-taxable","13":"purchasable","14":"product-type-variable","15":"has-default-attributes"},"_links":{"self":[{"href":"https:\/\/vlnbonbon.fr\/index.php\/wp-json\/wp\/v2\/product\/1207","targetHints":{"allow":["GET"]}}],"collection":[{"href":"https:\/\/vlnbonbon.fr\/index.php\/wp-json\/wp\/v2\/product"}],"about":[{"href":"https:\/\/vlnbonbon.fr\/index.php\/wp-json\/wp\/v2\/types\/product"}],"replies":[{"embeddable":true,"href":"https:\/\/vlnbonbon.fr\/index.php\/wp-json\/wp\/v2\/comments?post=1207"}],"wp:featuredmedia":[{"embeddable":true,"href":"https:\/\/vlnbonbon.fr\/index.php\/wp-json\/wp\/v2\/media\/1780"}],"wp:attachment":[{"href":"https:\/\/vlnbonbon.fr\/index.php\/wp-json\/wp\/v2\/media?parent=1207"}],"wp:term":[{"taxonomy":"product_cat","embeddable":true,"href":"https:\/\/vlnbonbon.fr\/index.php\/wp-json\/wp\/v2\/product_cat?post=1207"},{"taxonomy":"product_tag","embeddable":true,"href":"https:\/\/vlnbonbon.fr\/index.php\/wp-json\/wp\/v2\/product_tag?post=1207"}],"curies":[{"name":"wp","href":"https:\/\/api.w.org\/{rel}","templated":true}]}}